{"id":1433,"date":"2026-02-24T02:56:34","date_gmt":"2026-02-24T02:56:34","guid":{"rendered":"https:\/\/hurleysurfclubtamraght.com\/?page_id=1433"},"modified":"2026-02-27T02:38:35","modified_gmt":"2026-02-27T02:38:35","slug":"prive-ecole-de-surf-tamraght","status":"publish","type":"page","link":"https:\/\/hurleysurfclubtamraght.com\/en\/ecole-de-surf-tamraght\/prive-ecole-de-surf-tamraght\/","title":{"rendered":"Private lessons"},"content":{"rendered":"\t\t<div data-elementor-type=\"wp-page\" data-elementor-id=\"1433\" class=\"elementor elementor-1433\" data-elementor-post-type=\"page\">\n\t\t\t\t<div class=\"elementor-element elementor-element-d6d1d4c e-flex e-con-boxed e-con e-parent\" data-id=\"d6d1d4c\" data-element_type=\"container\" data-settings=\"{&quot;background_background&quot;:&quot;classic&quot;,&quot;shape_divider_bottom&quot;:&quot;waves&quot;,&quot;shape_divider_bottom_negative&quot;:&quot;yes&quot;}\">\n\t\t\t\t\t<div class=\"e-con-inner\">\n\t\t\t\t<div class=\"elementor-shape elementor-shape-bottom\" aria-hidden=\"true\" data-negative=\"true\">\n\t\t\t<svg xmlns=\"http:\/\/www.w3.org\/2000\/svg\" viewBox=\"0 0 1000 100\" preserveAspectRatio=\"none\">\n\t<path class=\"elementor-shape-fill\" d=\"M790.5,93.1c-59.3-5.3-116.8-18-192.6-50c-29.6-12.7-76.9-31-100.5-35.9c-23.6-4.9-52.6-7.8-75.5-5.3\n\tc-10.2,1.1-22.6,1.4-50.1,7.4c-27.2,6.3-58.2,16.6-79.4,24.7c-41.3,15.9-94.9,21.9-134,22.6C72,58.2,0,25.8,0,25.8V100h1000V65.3\n\tc0,0-51.5,19.4-106.2,25.7C839.5,97,814.1,95.2,790.5,93.1z\"\/>\n<\/svg>\t\t<\/div>\n\t\t<div class=\"elementor-element elementor-element-20a23cd e-con-full e-flex e-con e-child\" data-id=\"20a23cd\" data-element_type=\"container\">\n\t\t\t\t<div class=\"elementor-element elementor-element-fa1e9b2 elementor-widget elementor-widget-heading\" data-id=\"fa1e9b2\" data-element_type=\"widget\" data-widget_type=\"heading.default\">\n\t\t\t\t\t<h2 class=\"elementor-heading-title elementor-size-default\">Cours priv\u00e9s<\/h2>\t\t\t\t<\/div>\n\t\t\t\t<div class=\"elementor-element elementor-element-d5f473f elementor-widget-divider--view-line elementor-widget elementor-widget-divider\" data-id=\"d5f473f\" data-element_type=\"widget\" data-widget_type=\"divider.default\">\n\t\t\t\t\t\t\t<div class=\"elementor-divider\">\n\t\t\t<span class=\"elementor-divider-separator\">\n\t\t\t\t\t\t<\/span>\n\t\t<\/div>\n\t\t\t\t\t\t<\/div>\n\t\t\t\t<div class=\"elementor-element elementor-element-821d2eb elementor-icon-list--layout-inline elementor-align-start elementor-widget__width-initial elementor-list-item-link-full_width elementor-widget elementor-widget-icon-list\" data-id=\"821d2eb\" data-element_type=\"widget\" data-widget_type=\"icon-list.default\">\n\t\t\t\t\t\t\t<ul class=\"elementor-icon-list-items elementor-inline-items\">\n\t\t\t\t\t\t\t<li class=\"elementor-icon-list-item elementor-inline-item\">\n\t\t\t\t\t\t\t\t\t\t\t<a href=\"\/\">\n\n\t\t\t\t\t\t\t\t\t\t\t\t<span class=\"elementor-icon-list-icon\">\n\t\t\t\t\t\t\t<i aria-hidden=\"true\" class=\"icofont icofont-home\"><\/i>\t\t\t\t\t\t<\/span>\n\t\t\t\t\t\t\t\t\t\t<span class=\"elementor-icon-list-text\">Accueil<\/span>\n\t\t\t\t\t\t\t\t\t\t\t<\/a>\n\t\t\t\t\t\t\t\t\t<\/li>\n\t\t\t\t\t\t\t\t<li class=\"elementor-icon-list-item elementor-inline-item\">\n\t\t\t\t\t\t\t\t\t\t\t<a href=\"#\">\n\n\t\t\t\t\t\t\t\t\t\t\t\t<span class=\"elementor-icon-list-icon\">\n\t\t\t\t\t\t\t<i aria-hidden=\"true\" class=\"icofont icofont-ui-folder\"><\/i>\t\t\t\t\t\t<\/span>\n\t\t\t\t\t\t\t\t\t\t<span class=\"elementor-icon-list-text\">Cours priv\u00e9s<\/span>\n\t\t\t\t\t\t\t\t\t\t\t<\/a>\n\t\t\t\t\t\t\t\t\t<\/li>\n\t\t\t\t\t\t<\/ul>\n\t\t\t\t\t\t<\/div>\n\t\t\t\t<\/div>\n\t\t\t\t\t<\/div>\n\t\t\t\t<\/div>\n\t\t<div class=\"elementor-element elementor-element-7899974 e-flex e-con-boxed e-con e-parent\" data-id=\"7899974\" data-element_type=\"container\">\n\t\t\t\t\t<div class=\"e-con-inner\">\n\t\t\t\t<div class=\"woocommerce elementor-element elementor-element-be6e2e0 slider_courss elementor-grid-3 elementor-grid-tablet-2 elementor-grid-mobile-1 elementor-widget elementor-widget-loop-grid\" data-id=\"be6e2e0\" data-element_type=\"widget\" data-settings=\"{&quot;_skin&quot;:&quot;product&quot;,&quot;template_id&quot;:&quot;667&quot;,&quot;pagination_type&quot;:&quot;load_more_on_click&quot;,&quot;columns&quot;:&quot;3&quot;,&quot;columns_tablet&quot;:&quot;2&quot;,&quot;columns_mobile&quot;:&quot;1&quot;,&quot;edit_handle_selector&quot;:&quot;[data-elementor-type=\\&quot;loop-item\\&quot;]&quot;,&quot;load_more_spinner&quot;:{&quot;value&quot;:&quot;fas fa-spinner&quot;,&quot;library&quot;:&quot;fa-solid&quot;},&quot;row_gap&quot;:{&quot;unit&quot;:&quot;px&quot;,&quot;size&quot;:&quot;&quot;,&quot;sizes&quot;:[]},&quot;row_gap_tablet&quot;:{&quot;unit&quot;:&quot;px&quot;,&quot;size&quot;:&quot;&quot;,&quot;sizes&quot;:[]},&quot;row_gap_mobile&quot;:{&quot;unit&quot;:&quot;px&quot;,&quot;size&quot;:&quot;&quot;,&quot;sizes&quot;:[]}}\" data-widget_type=\"loop-grid.product\">\n\t\t\t\t\t\t\t<div class=\"elementor-loop-container elementor-grid\">\n\t\t<style id=\"loop-667\">.elementor-667 .elementor-element.elementor-element-2446635{--display:flex;--flex-direction:column;--container-widget-width:100%;--container-widget-height:initial;--container-widget-flex-grow:0;--container-widget-align-self:initial;--flex-wrap-mobile:wrap;--justify-content:space-between;--gap:0px 0px;--row-gap:0px;--column-gap:0px;--overlay-opacity:0.15;--padding-top:0px;--padding-bottom:0px;--padding-left:0px;--padding-right:0px;}.elementor-667 .elementor-element.elementor-element-2446635::before, .elementor-667 .elementor-element.elementor-element-2446635 > .elementor-background-video-container::before, .elementor-667 .elementor-element.elementor-element-2446635 > .e-con-inner > .elementor-background-video-container::before, .elementor-667 .elementor-element.elementor-element-2446635 > .elementor-background-slideshow::before, .elementor-667 .elementor-element.elementor-element-2446635 > .e-con-inner > .elementor-background-slideshow::before, .elementor-667 .elementor-element.elementor-element-2446635 > .elementor-motion-effects-container > .elementor-motion-effects-layer::before{background-color:var( --e-global-color-primary );--background-overlay:'';}.elementor-667 .elementor-element.elementor-element-92efaa0{background-color:var( --e-global-color-text );margin:0px 0px calc(var(--kit-widget-spacing, 0px) + 15px) 0px;}.elementor-667 .elementor-element.elementor-element-92efaa0 img{width:100%;height:350px;object-fit:contain;object-position:center center;}.elementor-667 .elementor-element.elementor-element-1d66efb{padding:0px 10px 0px 10px;}.elementor-667 .elementor-element.elementor-element-1d66efb .elementor-heading-title{font-family:\"Antic Slab\", Sans-serif;font-size:25px;font-weight:400;color:var( --e-global-color-secondary );}.elementor-667 .elementor-element.elementor-element-78fb1ff{width:var( --container-widget-width, 90% );max-width:90%;padding:10px 10px 10px 10px;--container-widget-width:90%;--container-widget-flex-grow:0;color:var( --e-global-color-092a501 );}.elementor-667 .elementor-element.elementor-element-3d82feb{margin:15px 0px calc(var(--kit-widget-spacing, 0px) + 0px) 0px;}.elementor-667 .elementor-element.elementor-element-3d82feb .elementor-button{border-radius:0px 0px 0px 0px;}@media(max-width:767px){.elementor-667 .elementor-element.elementor-element-92efaa0 img{height:250px;}.elementor-667 .elementor-element.elementor-element-1d66efb .elementor-heading-title{font-size:25px;}.elementor-667 .elementor-element.elementor-element-78fb1ff{--container-widget-width:100%;--container-widget-flex-grow:0;width:var( --container-widget-width, 100% );max-width:100%;}}<\/style>\t\t<div data-elementor-type=\"loop-item\" data-elementor-id=\"667\" class=\"elementor elementor-667 e-loop-item e-loop-item-722 post-722 product type-product status-publish has-post-thumbnail product_cat-booking product_cat-surf-lessons-private first instock virtual purchasable product-type-mwb_booking\" data-elementor-post-type=\"elementor_library\" data-custom-edit-handle=\"1\">\n\t\t\t<div class=\"elementor-element elementor-element-2446635 div_caroussel e-flex e-con-boxed e-con e-parent\" data-id=\"2446635\" data-element_type=\"container\">\n\t\t\t\t\t<div class=\"e-con-inner\">\n\t\t\t\t<div class=\"elementor-element elementor-element-92efaa0 elementor-widget elementor-widget-image\" data-id=\"92efaa0\" data-element_type=\"widget\" data-widget_type=\"image.default\">\n\t\t\t\t\t\t\t\t\t\t\t\t\t\t\t\t<a href=\"https:\/\/hurleysurfclubtamraght.com\/en\/hurling\/competition-surf-coaching-private\/\">\n\t\t\t\t\t\t\t<img fetchpriority=\"high\" decoding=\"async\" width=\"800\" height=\"449\" src=\"https:\/\/hurleysurfclubtamraght.com\/wp-content\/uploads\/2025\/12\/sacha-verheij-X0rRYtJy0R8-unsplash-1024x575.jpg\" class=\"attachment-large size-large wp-image-367\" alt=\"\" srcset=\"https:\/\/hurleysurfclubtamraght.com\/wp-content\/uploads\/2025\/12\/sacha-verheij-X0rRYtJy0R8-unsplash-1024x575.jpg 1024w, https:\/\/hurleysurfclubtamraght.com\/wp-content\/uploads\/2025\/12\/sacha-verheij-X0rRYtJy0R8-unsplash-scaled-400x225.jpg 400w, https:\/\/hurleysurfclubtamraght.com\/wp-content\/uploads\/2025\/12\/sacha-verheij-X0rRYtJy0R8-unsplash-300x168.jpg 300w, https:\/\/hurleysurfclubtamraght.com\/wp-content\/uploads\/2025\/12\/sacha-verheij-X0rRYtJy0R8-unsplash-768x431.jpg 768w, https:\/\/hurleysurfclubtamraght.com\/wp-content\/uploads\/2025\/12\/sacha-verheij-X0rRYtJy0R8-unsplash-1536x862.jpg 1536w, https:\/\/hurleysurfclubtamraght.com\/wp-content\/uploads\/2025\/12\/sacha-verheij-X0rRYtJy0R8-unsplash-2048x1150.jpg 2048w\" sizes=\"(max-width: 800px) 100vw, 800px\" \/>\t\t\t\t\t\t\t\t<\/a>\n\t\t\t\t\t\t\t\t\t\t\t\t\t\t\t<\/div>\n\t\t\t\t<div class=\"elementor-element elementor-element-1d66efb elementor-widget elementor-widget-theme-post-title elementor-page-title elementor-widget-heading\" data-id=\"1d66efb\" data-element_type=\"widget\" data-widget_type=\"theme-post-title.default\">\n\t\t\t\t\t<h3 class=\"elementor-heading-title elementor-size-default\"><a href=\"https:\/\/hurleysurfclubtamraght.com\/en\/hurling\/competition-surf-coaching-private\/\">Coaching Surf Comp\u00e9tition<\/a><\/h3>\t\t\t\t<\/div>\n\t\t\t\t<div class=\"elementor-element elementor-element-78fb1ff elementor-widget__width-initial elementor-widget elementor-widget-theme-post-excerpt\" data-id=\"78fb1ff\" data-element_type=\"widget\" data-widget_type=\"theme-post-excerpt.default\">\n\t\t\t\t\tEntra\u00eenement intensif et personnalis\u00e9 pour surfeurs avanc\u00e9s visant la performance et\/ou la comp\u00e9tition.<br>\r\n<strong>Dur\u00e9e : \u00bd journ\u00e9e \/ 1500 DH <\/strong>\t\t\t\t<\/div>\n\t\t\t\t<div class=\"elementor-element elementor-element-3d82feb elementor-align-justify elementor-widget elementor-widget-button\" data-id=\"3d82feb\" data-element_type=\"widget\" data-widget_type=\"button.default\">\n\t\t\t\t\t\t\t\t\t\t<a class=\"elementor-button elementor-button-link elementor-size-sm\" href=\"https:\/\/hurleysurfclubtamraght.com\/en\/hurling\/competition-surf-coaching-private\/\">\n\t\t\t\t\t\t<span class=\"elementor-button-content-wrapper\">\n\t\t\t\t\t\t\t\t\t<span class=\"elementor-button-text\">R\u00e9servez maintenant<\/span>\n\t\t\t\t\t<\/span>\n\t\t\t\t\t<\/a>\n\t\t\t\t\t\t\t\t<\/div>\n\t\t\t\t\t<\/div>\n\t\t\t\t<\/div>\n\t\t\t\t<\/div>\n\t\t\t\t<div data-elementor-type=\"loop-item\" data-elementor-id=\"667\" class=\"elementor elementor-667 e-loop-item e-loop-item-721 post-721 product type-product status-publish has-post-thumbnail product_cat-booking product_cat-surf-lessons-private  instock virtual purchasable product-type-mwb_booking\" data-elementor-post-type=\"elementor_library\" data-custom-edit-handle=\"1\">\n\t\t\t<div class=\"elementor-element elementor-element-2446635 div_caroussel e-flex e-con-boxed e-con e-parent\" data-id=\"2446635\" data-element_type=\"container\">\n\t\t\t\t\t<div class=\"e-con-inner\">\n\t\t\t\t<div class=\"elementor-element elementor-element-92efaa0 elementor-widget elementor-widget-image\" data-id=\"92efaa0\" data-element_type=\"widget\" data-widget_type=\"image.default\">\n\t\t\t\t\t\t\t\t\t\t\t\t\t\t\t\t<a href=\"https:\/\/hurleysurfclubtamraght.com\/en\/hurling\/surf-guiding-lesson-private\/\">\n\t\t\t\t\t\t\t<img decoding=\"async\" width=\"800\" height=\"800\" src=\"https:\/\/hurleysurfclubtamraght.com\/wp-content\/uploads\/2026\/02\/2025_takayama_princekuhio_tuflitepro_action1.webp\" class=\"attachment-large size-large wp-image-1172\" alt=\"\" srcset=\"https:\/\/hurleysurfclubtamraght.com\/wp-content\/uploads\/2026\/02\/2025_takayama_princekuhio_tuflitepro_action1.webp 1000w, https:\/\/hurleysurfclubtamraght.com\/wp-content\/uploads\/2026\/02\/2025_takayama_princekuhio_tuflitepro_action1-300x300.webp 300w, https:\/\/hurleysurfclubtamraght.com\/wp-content\/uploads\/2026\/02\/2025_takayama_princekuhio_tuflitepro_action1-150x150.webp 150w, https:\/\/hurleysurfclubtamraght.com\/wp-content\/uploads\/2026\/02\/2025_takayama_princekuhio_tuflitepro_action1-768x768.webp 768w, https:\/\/hurleysurfclubtamraght.com\/wp-content\/uploads\/2026\/02\/2025_takayama_princekuhio_tuflitepro_action1-400x400.webp 400w, https:\/\/hurleysurfclubtamraght.com\/wp-content\/uploads\/2026\/02\/2025_takayama_princekuhio_tuflitepro_action1-100x100.webp 100w\" sizes=\"(max-width: 800px) 100vw, 800px\" \/>\t\t\t\t\t\t\t\t<\/a>\n\t\t\t\t\t\t\t\t\t\t\t\t\t\t\t<\/div>\n\t\t\t\t<div class=\"elementor-element elementor-element-1d66efb elementor-widget elementor-widget-theme-post-title elementor-page-title elementor-widget-heading\" data-id=\"1d66efb\" data-element_type=\"widget\" data-widget_type=\"theme-post-title.default\">\n\t\t\t\t\t<h3 class=\"elementor-heading-title elementor-size-default\"><a href=\"https:\/\/hurleysurfclubtamraght.com\/en\/hurling\/surf-guiding-lesson-private\/\">Cours particulier de surf avec guide<\/a><\/h3>\t\t\t\t<\/div>\n\t\t\t\t<div class=\"elementor-element elementor-element-78fb1ff elementor-widget__width-initial elementor-widget elementor-widget-theme-post-excerpt\" data-id=\"78fb1ff\" data-element_type=\"widget\" data-widget_type=\"theme-post-excerpt.default\">\n\t\t\t\t\tD\u00e9couvrez les meilleurs spots de surf avec un guide local.<br>\r\n<strong>Dur\u00e9e : \u00bd journ\u00e9e \/ 1200 DH<\/strong>\t\t\t\t<\/div>\n\t\t\t\t<div class=\"elementor-element elementor-element-3d82feb elementor-align-justify elementor-widget elementor-widget-button\" data-id=\"3d82feb\" data-element_type=\"widget\" data-widget_type=\"button.default\">\n\t\t\t\t\t\t\t\t\t\t<a class=\"elementor-button elementor-button-link elementor-size-sm\" href=\"https:\/\/hurleysurfclubtamraght.com\/en\/hurling\/surf-guiding-lesson-private\/\">\n\t\t\t\t\t\t<span class=\"elementor-button-content-wrapper\">\n\t\t\t\t\t\t\t\t\t<span class=\"elementor-button-text\">R\u00e9servez maintenant<\/span>\n\t\t\t\t\t<\/span>\n\t\t\t\t\t<\/a>\n\t\t\t\t\t\t\t\t<\/div>\n\t\t\t\t\t<\/div>\n\t\t\t\t<\/div>\n\t\t\t\t<\/div>\n\t\t\t\t<div data-elementor-type=\"loop-item\" data-elementor-id=\"667\" class=\"elementor elementor-667 e-loop-item e-loop-item-720 post-720 product type-product status-publish has-post-thumbnail product_cat-booking product_cat-surf-lessons-private  instock virtual purchasable product-type-mwb_booking\" data-elementor-post-type=\"elementor_library\" data-custom-edit-handle=\"1\">\n\t\t\t<div class=\"elementor-element elementor-element-2446635 div_caroussel e-flex e-con-boxed e-con e-parent\" data-id=\"2446635\" data-element_type=\"container\">\n\t\t\t\t\t<div class=\"e-con-inner\">\n\t\t\t\t<div class=\"elementor-element elementor-element-92efaa0 elementor-widget elementor-widget-image\" data-id=\"92efaa0\" data-element_type=\"widget\" data-widget_type=\"image.default\">\n\t\t\t\t\t\t\t\t\t\t\t\t\t\t\t\t<a href=\"https:\/\/hurleysurfclubtamraght.com\/en\/hurling\/intermediate-surf-lesson-private\/\">\n\t\t\t\t\t\t\t<img decoding=\"async\" width=\"800\" height=\"576\" src=\"https:\/\/hurleysurfclubtamraght.com\/wp-content\/uploads\/2026\/02\/zeus-surboards-softop-zeus-mielo-8-6-zeus-surfshop-surfboards-41972600242491-908315_3136da06-41ac-4e59-ace1-db313bdfe426-1024x737.webp\" class=\"attachment-large size-large wp-image-1178\" alt=\"\" srcset=\"https:\/\/hurleysurfclubtamraght.com\/wp-content\/uploads\/2026\/02\/zeus-surboards-softop-zeus-mielo-8-6-zeus-surfshop-surfboards-41972600242491-908315_3136da06-41ac-4e59-ace1-db313bdfe426-1024x737.webp 1024w, https:\/\/hurleysurfclubtamraght.com\/wp-content\/uploads\/2026\/02\/zeus-surboards-softop-zeus-mielo-8-6-zeus-surfshop-surfboards-41972600242491-908315_3136da06-41ac-4e59-ace1-db313bdfe426-300x216.webp 300w, https:\/\/hurleysurfclubtamraght.com\/wp-content\/uploads\/2026\/02\/zeus-surboards-softop-zeus-mielo-8-6-zeus-surfshop-surfboards-41972600242491-908315_3136da06-41ac-4e59-ace1-db313bdfe426-768x553.webp 768w, https:\/\/hurleysurfclubtamraght.com\/wp-content\/uploads\/2026\/02\/zeus-surboards-softop-zeus-mielo-8-6-zeus-surfshop-surfboards-41972600242491-908315_3136da06-41ac-4e59-ace1-db313bdfe426-400x288.webp 400w, https:\/\/hurleysurfclubtamraght.com\/wp-content\/uploads\/2026\/02\/zeus-surboards-softop-zeus-mielo-8-6-zeus-surfshop-surfboards-41972600242491-908315_3136da06-41ac-4e59-ace1-db313bdfe426.webp 1400w\" sizes=\"(max-width: 800px) 100vw, 800px\" \/>\t\t\t\t\t\t\t\t<\/a>\n\t\t\t\t\t\t\t\t\t\t\t\t\t\t\t<\/div>\n\t\t\t\t<div class=\"elementor-element elementor-element-1d66efb elementor-widget elementor-widget-theme-post-title elementor-page-title elementor-widget-heading\" data-id=\"1d66efb\" data-element_type=\"widget\" data-widget_type=\"theme-post-title.default\">\n\t\t\t\t\t<h3 class=\"elementor-heading-title elementor-size-default\"><a href=\"https:\/\/hurleysurfclubtamraght.com\/en\/hurling\/intermediate-surf-lesson-private\/\">Cours de surf interm\u00e9diaire<\/a><\/h3>\t\t\t\t<\/div>\n\t\t\t\t<div class=\"elementor-element elementor-element-78fb1ff elementor-widget__width-initial elementor-widget elementor-widget-theme-post-excerpt\" data-id=\"78fb1ff\" data-element_type=\"widget\" data-widget_type=\"theme-post-excerpt.default\">\n\t\t\t\t\tAm\u00e9liorez votre technique, votre lecture des vagues et votre confiance dans l'eau.\r\n<br><strong>Dur\u00e9e : 2 h \/ 500 DH<\/strong>\t\t\t\t<\/div>\n\t\t\t\t<div class=\"elementor-element elementor-element-3d82feb elementor-align-justify elementor-widget elementor-widget-button\" data-id=\"3d82feb\" data-element_type=\"widget\" data-widget_type=\"button.default\">\n\t\t\t\t\t\t\t\t\t\t<a class=\"elementor-button elementor-button-link elementor-size-sm\" href=\"https:\/\/hurleysurfclubtamraght.com\/en\/hurling\/intermediate-surf-lesson-private\/\">\n\t\t\t\t\t\t<span class=\"elementor-button-content-wrapper\">\n\t\t\t\t\t\t\t\t\t<span class=\"elementor-button-text\">R\u00e9servez maintenant<\/span>\n\t\t\t\t\t<\/span>\n\t\t\t\t\t<\/a>\n\t\t\t\t\t\t\t\t<\/div>\n\t\t\t\t\t<\/div>\n\t\t\t\t<\/div>\n\t\t\t\t<\/div>\n\t\t\t\t<div data-elementor-type=\"loop-item\" data-elementor-id=\"667\" class=\"elementor elementor-667 e-loop-item e-loop-item-716 post-716 product type-product status-publish has-post-thumbnail product_cat-booking product_cat-surf-lessons-private last instock virtual purchasable product-type-mwb_booking\" data-elementor-post-type=\"elementor_library\" data-custom-edit-handle=\"1\">\n\t\t\t<div class=\"elementor-element elementor-element-2446635 div_caroussel e-flex e-con-boxed e-con e-parent\" data-id=\"2446635\" data-element_type=\"container\">\n\t\t\t\t\t<div class=\"e-con-inner\">\n\t\t\t\t<div class=\"elementor-element elementor-element-92efaa0 elementor-widget elementor-widget-image\" data-id=\"92efaa0\" data-element_type=\"widget\" data-widget_type=\"image.default\">\n\t\t\t\t\t\t\t\t\t\t\t\t\t\t\t\t<a href=\"https:\/\/hurleysurfclubtamraght.com\/en\/hurling\/beginner-surf-lesson-private\/\">\n\t\t\t\t\t\t\t<img loading=\"lazy\" decoding=\"async\" width=\"800\" height=\"450\" src=\"https:\/\/hurleysurfclubtamraght.com\/wp-content\/uploads\/2026\/01\/victoria-nezh-7M3C8KjCEIQ-unsplash-1024x576.jpg\" class=\"attachment-large size-large wp-image-709\" alt=\"\" srcset=\"https:\/\/hurleysurfclubtamraght.com\/wp-content\/uploads\/2026\/01\/victoria-nezh-7M3C8KjCEIQ-unsplash-1024x576.jpg 1024w, https:\/\/hurleysurfclubtamraght.com\/wp-content\/uploads\/2026\/01\/victoria-nezh-7M3C8KjCEIQ-unsplash-scaled-400x225.jpg 400w, https:\/\/hurleysurfclubtamraght.com\/wp-content\/uploads\/2026\/01\/victoria-nezh-7M3C8KjCEIQ-unsplash-300x169.jpg 300w, https:\/\/hurleysurfclubtamraght.com\/wp-content\/uploads\/2026\/01\/victoria-nezh-7M3C8KjCEIQ-unsplash-768x432.jpg 768w, https:\/\/hurleysurfclubtamraght.com\/wp-content\/uploads\/2026\/01\/victoria-nezh-7M3C8KjCEIQ-unsplash-1536x864.jpg 1536w, https:\/\/hurleysurfclubtamraght.com\/wp-content\/uploads\/2026\/01\/victoria-nezh-7M3C8KjCEIQ-unsplash-2048x1152.jpg 2048w\" sizes=\"(max-width: 800px) 100vw, 800px\" \/>\t\t\t\t\t\t\t\t<\/a>\n\t\t\t\t\t\t\t\t\t\t\t\t\t\t\t<\/div>\n\t\t\t\t<div class=\"elementor-element elementor-element-1d66efb elementor-widget elementor-widget-theme-post-title elementor-page-title elementor-widget-heading\" data-id=\"1d66efb\" data-element_type=\"widget\" data-widget_type=\"theme-post-title.default\">\n\t\t\t\t\t<h3 class=\"elementor-heading-title elementor-size-default\"><a href=\"https:\/\/hurleysurfclubtamraght.com\/en\/hurling\/beginner-surf-lesson-private\/\">Cours de surf pour d\u00e9butants<\/a><\/h3>\t\t\t\t<\/div>\n\t\t\t\t<div class=\"elementor-element elementor-element-78fb1ff elementor-widget__width-initial elementor-widget elementor-widget-theme-post-excerpt\" data-id=\"78fb1ff\" data-element_type=\"widget\" data-widget_type=\"theme-post-excerpt.default\">\n\t\t\t\t\t<span data-sheets-root=\"1\"><span dir=\"auto\" style=\"vertical-align: inherit\"><span dir=\"auto\" style=\"vertical-align: inherit\">Apprenez les bases du surf avec des moniteurs certifi\u00e9s. <\/span><\/span><\/span><br>\r\n<strong><span dir=\"auto\" style=\"vertical-align: inherit\"><span dir=\"auto\" style=\"vertical-align: inherit\">\r\nDur\u00e9e : 2h \/ 350 DH<\/span><\/span><\/strong>\t\t\t\t<\/div>\n\t\t\t\t<div class=\"elementor-element elementor-element-3d82feb elementor-align-justify elementor-widget elementor-widget-button\" data-id=\"3d82feb\" data-element_type=\"widget\" data-widget_type=\"button.default\">\n\t\t\t\t\t\t\t\t\t\t<a class=\"elementor-button elementor-button-link elementor-size-sm\" href=\"https:\/\/hurleysurfclubtamraght.com\/en\/hurling\/beginner-surf-lesson-private\/\">\n\t\t\t\t\t\t<span class=\"elementor-button-content-wrapper\">\n\t\t\t\t\t\t\t\t\t<span class=\"elementor-button-text\">R\u00e9servez maintenant<\/span>\n\t\t\t\t\t<\/span>\n\t\t\t\t\t<\/a>\n\t\t\t\t\t\t\t\t<\/div>\n\t\t\t\t\t<\/div>\n\t\t\t\t<\/div>\n\t\t\t\t<\/div>\n\t\t\t\t<\/div>\n\t\t\t\t\t<span class=\"e-load-more-spinner\">\n\t\t\t\t<svg aria-hidden=\"true\" class=\"e-font-icon-svg e-fas-spinner\" viewBox=\"0 0 512 512\" xmlns=\"http:\/\/www.w3.org\/2000\/svg\"><path d=\"M304 48c0 26.51-21.49 48-48 48s-48-21.49-48-48 21.49-48 48-48 48 21.49 48 48zm-48 368c-26.51 0-48 21.49-48 48s21.49 48 48 48 48-21.49 48-48-21.49-48-48-48zm208-208c-26.51 0-48 21.49-48 48s21.49 48 48 48 48-21.49 48-48-21.49-48-48-48zM96 256c0-26.51-21.49-48-48-48S0 229.49 0 256s21.49 48 48 48 48-21.49 48-48zm12.922 99.078c-26.51 0-48 21.49-48 48s21.49 48 48 48 48-21.49 48-48c0-26.509-21.491-48-48-48zm294.156 0c-26.51 0-48 21.49-48 48s21.49 48 48 48 48-21.49 48-48c0-26.509-21.49-48-48-48zM108.922 60.922c-26.51 0-48 21.49-48 48s21.49 48 48 48 48-21.49 48-48-21.491-48-48-48z\"><\/path><\/svg>\t\t\t<\/span>\n\t\t\n\t\t\t\t\t\t<\/div>\n\t\t\t\t\t<\/div>\n\t\t\t\t<\/div>\n\t\t\t\t<\/div>\n\t\t","protected":false},"excerpt":{"rendered":"<p>Home<\/p>","protected":false},"author":1,"featured_media":0,"parent":449,"menu_order":0,"comment_status":"closed","ping_status":"closed","template":"","meta":{"footnotes":""},"class_list":["post-1433","page","type-page","status-publish","hentry"],"_links":{"self":[{"href":"https:\/\/hurleysurfclubtamraght.com\/en\/wp-json\/wp\/v2\/pages\/1433","targetHints":{"allow":["GET"]}}],"collection":[{"href":"https:\/\/hurleysurfclubtamraght.com\/en\/wp-json\/wp\/v2\/pages"}],"about":[{"href":"https:\/\/hurleysurfclubtamraght.com\/en\/wp-json\/wp\/v2\/types\/page"}],"author":[{"embeddable":true,"href":"https:\/\/hurleysurfclubtamraght.com\/en\/wp-json\/wp\/v2\/users\/1"}],"replies":[{"embeddable":true,"href":"https:\/\/hurleysurfclubtamraght.com\/en\/wp-json\/wp\/v2\/comments?post=1433"}],"version-history":[{"count":20,"href":"https:\/\/hurleysurfclubtamraght.com\/en\/wp-json\/wp\/v2\/pages\/1433\/revisions"}],"predecessor-version":[{"id":1627,"href":"https:\/\/hurleysurfclubtamraght.com\/en\/wp-json\/wp\/v2\/pages\/1433\/revisions\/1627"}],"up":[{"embeddable":true,"href":"https:\/\/hurleysurfclubtamraght.com\/en\/wp-json\/wp\/v2\/pages\/449"}],"wp:attachment":[{"href":"https:\/\/hurleysurfclubtamraght.com\/en\/wp-json\/wp\/v2\/media?parent=1433"}],"curies":[{"name":"wp","href":"https:\/\/api.w.org\/{rel}","templated":true}]}}