{"id":394,"date":"2025-12-25T16:47:46","date_gmt":"2025-12-25T16:47:46","guid":{"rendered":"https:\/\/hurleysurfclubtamraght.com\/politique-de-confidentialit\/"},"modified":"2026-03-02T03:58:35","modified_gmt":"2026-03-02T03:58:35","slug":"politique-de-confidentialit","status":"publish","type":"page","link":"https:\/\/hurleysurfclubtamraght.com\/en\/politique-de-confidentialit\/","title":{"rendered":"Politique de Confidentialit\u00e9"},"content":{"rendered":"<div data-elementor-type=\"wp-page\" data-elementor-id=\"394\" class=\"elementor elementor-394\" data-elementor-post-type=\"page\">\n\t\t\t\t<div class=\"elementor-element elementor-element-d935bfe e-flex e-con-boxed e-con e-parent\" data-id=\"d935bfe\" data-element_type=\"container\" data-settings=\"{&quot;background_background&quot;:&quot;classic&quot;,&quot;shape_divider_bottom&quot;:&quot;waves&quot;,&quot;shape_divider_bottom_negative&quot;:&quot;yes&quot;}\">\n\t\t\t\t\t<div class=\"e-con-inner\">\n\t\t\t\t<div class=\"elementor-shape elementor-shape-bottom\" aria-hidden=\"true\" data-negative=\"true\">\n\t\t\t<svg xmlns=\"http:\/\/www.w3.org\/2000\/svg\" viewbox=\"0 0 1000 100\" preserveaspectratio=\"none\">\n\t<path class=\"elementor-shape-fill\" d=\"M790.5,93.1c-59.3-5.3-116.8-18-192.6-50c-29.6-12.7-76.9-31-100.5-35.9c-23.6-4.9-52.6-7.8-75.5-5.3\tc-10.2,1.1-22.6,1.4-50.1,7.4c-27.2,6.3-58.2,16.6-79.4,24.7c-41.3,15.9-94.9,21.9-134,22.6C72,58.2,0,25.8,0,25.8V100h1000V65.3\tc0,0-51.5,19.4-106.2,25.7C839.5,97,814.1,95.2,790.5,93.1z\"\/>\n<\/svg>\t\t<\/div>\n\t\t<div class=\"elementor-element elementor-element-88e217a e-con-full e-flex e-con e-child\" data-id=\"88e217a\" data-element_type=\"container\">\n\t\t\t\t<div class=\"elementor-element elementor-element-3b4f56d elementor-widget elementor-widget-heading\" data-id=\"3b4f56d\" data-element_type=\"widget\" data-widget_type=\"heading.default\">\n\t\t\t\t\t<h2 class=\"elementor-heading-title elementor-size-default\">Politique de Confidentialit\u00e9<\/h2>\t\t\t\t<\/div>\n\t\t\t\t<div class=\"elementor-element elementor-element-c9d2a61 elementor-widget elementor-widget-text-editor\" data-id=\"c9d2a61\" data-element_type=\"widget\" data-widget_type=\"text-editor.default\">\n\t\t\t\t\t\t\t\t\t<p><span style=\"font-weight: 400;\">\u00ab\u00a0La protection de vos donn\u00e9es personnelles est une priorit\u00e9 pour <\/span><b>Westsurf Morocco<\/b><span style=\"font-weight: 400;\">. Nous nous engageons \u00e0 traiter vos informations avec la plus grande <\/span><b>rigueur<\/b><span style=\"font-weight: 400;\"> et transparence.\u00a0\u00bb<\/span><\/p>\t\t\t\t\t\t\t\t<\/div>\n\t\t\t\t<div class=\"elementor-element elementor-element-9a93f25 elementor-widget-divider--view-line elementor-widget elementor-widget-divider\" data-id=\"9a93f25\" data-element_type=\"widget\" data-widget_type=\"divider.default\">\n\t\t\t\t\t\t\t<div class=\"elementor-divider\">\n\t\t\t<span class=\"elementor-divider-separator\">\n\t\t\t\t\t\t<\/span>\n\t\t<\/div>\n\t\t\t\t\t\t<\/div>\n\t\t\t\t<div class=\"elementor-element elementor-element-015a254 elementor-icon-list--layout-inline elementor-align-start elementor-widget__width-initial elementor-list-item-link-full_width elementor-widget elementor-widget-icon-list\" data-id=\"015a254\" data-element_type=\"widget\" data-widget_type=\"icon-list.default\">\n\t\t\t\t\t\t\t<ul class=\"elementor-icon-list-items elementor-inline-items\">\n\t\t\t\t\t\t\t<li class=\"elementor-icon-list-item elementor-inline-item\">\n\t\t\t\t\t\t\t\t\t\t\t<a href=\"\/en\/\">\n\n\t\t\t\t\t\t\t\t\t\t\t\t<span class=\"elementor-icon-list-icon\">\n\t\t\t\t\t\t\t<i aria-hidden=\"true\" class=\"icofont icofont-home\"><\/i>\t\t\t\t\t\t<\/span>\n\t\t\t\t\t\t\t\t\t\t<span class=\"elementor-icon-list-text\">Home<\/span>\n\t\t\t\t\t\t\t\t\t\t\t<\/a>\n\t\t\t\t\t\t\t\t\t<\/li>\n\t\t\t\t\t\t\t\t<li class=\"elementor-icon-list-item elementor-inline-item\">\n\t\t\t\t\t\t\t\t\t\t\t<a href=\"#\">\n\n\t\t\t\t\t\t\t\t\t\t\t\t<span class=\"elementor-icon-list-icon\">\n\t\t\t\t\t\t\t<i aria-hidden=\"true\" class=\"icofont icofont-ui-folder\"><\/i>\t\t\t\t\t\t<\/span>\n\t\t\t\t\t\t\t\t\t\t<span class=\"elementor-icon-list-text\">Politique de Confidentialit\u00e9<\/span>\n\t\t\t\t\t\t\t\t\t\t\t<\/a>\n\t\t\t\t\t\t\t\t\t<\/li>\n\t\t\t\t\t\t<\/ul>\n\t\t\t\t\t\t<\/div>\n\t\t\t\t<\/div>\n\t\t\t\t\t<\/div>\n\t\t\t\t<\/div>\n\t\t<div class=\"elementor-element elementor-element-a2d0fc0 e-flex e-con-boxed e-con e-parent\" data-id=\"a2d0fc0\" data-element_type=\"container\">\n\t\t\t\t\t<div class=\"e-con-inner\">\n\t\t\t\t<div class=\"elementor-element elementor-element-a7bacdf elementor-widget elementor-widget-heading\" data-id=\"a7bacdf\" data-element_type=\"widget\" data-widget_type=\"heading.default\">\n\t\t\t\t\t<h5 class=\"elementor-heading-title elementor-size-default\">1. Collecte des Donn\u00e9es\n<\/h5>\t\t\t\t<\/div>\n\t\t\t\t<div class=\"elementor-element elementor-element-1f3f253 elementor-widget elementor-widget-text-editor\" data-id=\"1f3f253\" data-element_type=\"widget\" data-widget_type=\"text-editor.default\">\n\t\t\t\t\t\t\t\t\t<p data-start=\"314\" data-end=\"547\">La pr\u00e9sente Politique de Confidentialit\u00e9 a pour objectif d\u2019informer les utilisateurs du site internet de Hurley Surf Club Tamraght sur la mani\u00e8re dont leurs donn\u00e9es personnelles sont collect\u00e9es, utilis\u00e9es et prot\u00e9g\u00e9es dans le cadre :<\/p><ul data-start=\"549\" data-end=\"789\"><li data-start=\"549\" data-end=\"587\"><p data-start=\"551\" data-end=\"587\">De la location de mat\u00e9riel de surf<\/p><\/li><li data-start=\"588\" data-end=\"639\"><p data-start=\"590\" data-end=\"639\">De la r\u00e9servation de cours priv\u00e9s et collectifs<\/p><\/li><li data-start=\"640\" data-end=\"710\"><p data-start=\"642\" data-end=\"710\">De la r\u00e9servation d\u2019activit\u00e9s (kayak, activit\u00e9s holistiques, etc.)<\/p><\/li><li data-start=\"711\" data-end=\"756\"><p data-start=\"713\" data-end=\"756\">De l\u2019utilisation du formulaire de contact<\/p><\/li><li data-start=\"757\" data-end=\"789\"><p data-start=\"759\" data-end=\"789\">De la navigation sur le site<\/p><\/li><\/ul><p data-start=\"791\" data-end=\"939\">Nous nous engageons \u00e0 assurer la protection, la confidentialit\u00e9 et la s\u00e9curit\u00e9 des donn\u00e9es personnelles conform\u00e9ment \u00e0 la r\u00e9glementation applicable.<\/p>\t\t\t\t\t\t\t\t<\/div>\n\t\t\t\t\t<\/div>\n\t\t\t\t<\/div>\n\t\t<div class=\"elementor-element elementor-element-ddc6e6b e-flex e-con-boxed e-con e-parent\" data-id=\"ddc6e6b\" data-element_type=\"container\">\n\t\t\t\t\t<div class=\"e-con-inner\">\n\t\t\t\t<div class=\"elementor-element elementor-element-df79e14 elementor-widget elementor-widget-heading\" data-id=\"df79e14\" data-element_type=\"widget\" data-widget_type=\"heading.default\">\n\t\t\t\t\t<h5 class=\"elementor-heading-title elementor-size-default\">2. Responsable du traitement<\/h5>\t\t\t\t<\/div>\n\t\t\t\t<div class=\"elementor-element elementor-element-5fa16ab elementor-widget elementor-widget-text-editor\" data-id=\"5fa16ab\" data-element_type=\"widget\" data-widget_type=\"text-editor.default\">\n\t\t\t\t\t\t\t\t\t<p data-start=\"979\" data-end=\"1025\">Le responsable du traitement des donn\u00e9es est :<\/p><p data-start=\"1027\" data-end=\"1138\"><strong data-start=\"1027\" data-end=\"1056\">Hurley Surf Club Tamraght<\/strong><br data-start=\"1056\" data-end=\"1059\" \/>Tamraght \u2013 Maroc<br data-start=\"1075\" data-end=\"1078\" \/>\ud83d\udce7 <a class=\"decorated-link cursor-pointer\" rel=\"noopener\" data-start=\"1081\" data-end=\"1112\">info@hurleysurfclubtamraght.com<\/a><br data-start=\"1112\" data-end=\"1115\" \/>\ud83d\udcde +212 6 66 70 05 94<\/p>\t\t\t\t\t\t\t\t<\/div>\n\t\t\t\t\t<\/div>\n\t\t\t\t<\/div>\n\t\t<div class=\"elementor-element elementor-element-27f6fd7 e-flex e-con-boxed e-con e-parent\" data-id=\"27f6fd7\" data-element_type=\"container\">\n\t\t\t\t\t<div class=\"e-con-inner\">\n\t\t\t\t<div class=\"elementor-element elementor-element-9b4258f elementor-widget elementor-widget-heading\" data-id=\"9b4258f\" data-element_type=\"widget\" data-widget_type=\"heading.default\">\n\t\t\t\t\t<h5 class=\"elementor-heading-title elementor-size-default\">3. Donn\u00e9es collect\u00e9es<\/h5>\t\t\t\t<\/div>\n\t\t\t\t<div class=\"elementor-element elementor-element-4cc783e elementor-widget elementor-widget-text-editor\" data-id=\"4cc783e\" data-element_type=\"widget\" data-widget_type=\"text-editor.default\">\n\t\t\t\t\t\t\t\t\t<h4 data-start=\"1219\" data-end=\"1250\">Donn\u00e9es d\u2019identification<\/h4><ul data-start=\"1251\" data-end=\"1332\"><li data-start=\"1251\" data-end=\"1268\"><p data-start=\"1253\" data-end=\"1268\">Nom et pr\u00e9nom<\/p><\/li><li data-start=\"1269\" data-end=\"1286\"><p data-start=\"1271\" data-end=\"1286\">Adresse email<\/p><\/li><li data-start=\"1287\" data-end=\"1310\"><p data-start=\"1289\" data-end=\"1310\">Num\u00e9ro de t\u00e9l\u00e9phone<\/p><\/li><li data-start=\"1311\" data-end=\"1332\"><p data-start=\"1313\" data-end=\"1332\">Pays de r\u00e9sidence<\/p><\/li><\/ul><h4 data-start=\"1334\" data-end=\"1371\">\u00a0Donn\u00e9es li\u00e9es aux r\u00e9servations<\/h4><ul data-start=\"1372\" data-end=\"1515\"><li data-start=\"1372\" data-end=\"1400\"><p data-start=\"1374\" data-end=\"1400\">Type d\u2019activit\u00e9 r\u00e9serv\u00e9e<\/p><\/li><li data-start=\"1401\" data-end=\"1421\"><p data-start=\"1403\" data-end=\"1421\">Date et horaires<\/p><\/li><li data-start=\"1422\" data-end=\"1440\"><p data-start=\"1424\" data-end=\"1440\">Niveau de surf<\/p><\/li><li data-start=\"1441\" data-end=\"1515\"><p data-start=\"1443\" data-end=\"1515\">Informations n\u00e9cessaires \u00e0 la location (taille, poids, pointure, etc.)<\/p><\/li><\/ul><h4 data-start=\"1517\" data-end=\"1543\">\u00a0Donn\u00e9es de paiement<\/h4><p data-start=\"1544\" data-end=\"1673\">Les paiements en ligne sont s\u00e9curis\u00e9s via un prestataire externe.<br data-start=\"1609\" data-end=\"1612\" \/>Hurley Surf Club Tamraght ne conserve aucune donn\u00e9e bancaire.<\/p><h4 data-start=\"1675\" data-end=\"1703\">\u00a0Donn\u00e9es de navigation<\/h4><ul data-start=\"1704\" data-end=\"1784\"><li data-start=\"1704\" data-end=\"1718\"><p data-start=\"1706\" data-end=\"1718\">Adresse IP<\/p><\/li><li data-start=\"1719\" data-end=\"1738\"><p data-start=\"1721\" data-end=\"1738\">Type d\u2019appareil<\/p><\/li><li data-start=\"1739\" data-end=\"1750\"><p data-start=\"1741\" data-end=\"1750\">Cookies<\/p><\/li><li data-start=\"1751\" data-end=\"1784\"><p data-start=\"1753\" data-end=\"1784\">Donn\u00e9es statistiques anonymes<\/p><\/li><\/ul>\t\t\t\t\t\t\t\t<\/div>\n\t\t\t\t\t<\/div>\n\t\t\t\t<\/div>\n\t\t<div class=\"elementor-element elementor-element-5a8c046 e-flex e-con-boxed e-con e-parent\" data-id=\"5a8c046\" data-element_type=\"container\">\n\t\t\t\t\t<div class=\"e-con-inner\">\n\t\t\t\t<div class=\"elementor-element elementor-element-77127d1 elementor-widget elementor-widget-heading\" data-id=\"77127d1\" data-element_type=\"widget\" data-widget_type=\"heading.default\">\n\t\t\t\t\t<h5 class=\"elementor-heading-title elementor-size-default\">4. Finalit\u00e9s du traitement<\/h5>\t\t\t\t<\/div>\n\t\t\t\t<div class=\"elementor-element elementor-element-8b16594 elementor-widget elementor-widget-text-editor\" data-id=\"8b16594\" data-element_type=\"widget\" data-widget_type=\"text-editor.default\">\n\t\t\t\t\t\t\t\t\t<p data-start=\"1822\" data-end=\"1872\">Les donn\u00e9es personnelles sont collect\u00e9es afin de :<\/p><ul data-start=\"1874\" data-end=\"2128\"><li data-start=\"1874\" data-end=\"1913\"><p data-start=\"1876\" data-end=\"1913\">G\u00e9rer les r\u00e9servations et locations<\/p><\/li><li data-start=\"1914\" data-end=\"1951\"><p data-start=\"1916\" data-end=\"1951\">Organiser les activit\u00e9s nautiques<\/p><\/li><li data-start=\"1952\" data-end=\"1979\"><p data-start=\"1954\" data-end=\"1979\">Assurer le suivi client<\/p><\/li><li data-start=\"1980\" data-end=\"2043\"><p data-start=\"1982\" data-end=\"2043\">R\u00e9pondre aux demandes envoy\u00e9es via le formulaire de contact<\/p><\/li><li data-start=\"2044\" data-end=\"2090\"><p data-start=\"2046\" data-end=\"2090\">Am\u00e9liorer l\u2019exp\u00e9rience utilisateur du site<\/p><\/li><li data-start=\"2091\" data-end=\"2128\"><p data-start=\"2093\" data-end=\"2128\">Respecter les obligations l\u00e9gales<\/p><\/li><\/ul>\t\t\t\t\t\t\t\t<\/div>\n\t\t\t\t\t<\/div>\n\t\t\t\t<\/div>\n\t\t<div class=\"elementor-element elementor-element-caa71b9 e-flex e-con-boxed e-con e-parent\" data-id=\"caa71b9\" data-element_type=\"container\">\n\t\t\t\t\t<div class=\"e-con-inner\">\n\t\t\t\t<div class=\"elementor-element elementor-element-d7d5a6b elementor-widget elementor-widget-heading\" data-id=\"d7d5a6b\" data-element_type=\"widget\" data-widget_type=\"heading.default\">\n\t\t\t\t\t<h5 class=\"elementor-heading-title elementor-size-default\">5. Base l\u00e9gale du traitement<\/h5>\t\t\t\t<\/div>\n\t\t\t\t<div class=\"elementor-element elementor-element-e196f29 elementor-widget elementor-widget-text-editor\" data-id=\"e196f29\" data-element_type=\"widget\" data-widget_type=\"text-editor.default\">\n\t\t\t\t\t\t\t\t\t<p data-start=\"2168\" data-end=\"2201\">Les traitements sont fond\u00e9s sur :<\/p><ul data-start=\"2203\" data-end=\"2337\"><li data-start=\"2203\" data-end=\"2256\"><p data-start=\"2205\" data-end=\"2256\">L\u2019ex\u00e9cution d\u2019un contrat (r\u00e9servation \/ location)<\/p><\/li><li data-start=\"2257\" data-end=\"2309\"><p data-start=\"2259\" data-end=\"2309\">Le consentement (formulaire de contact, cookies)<\/p><\/li><li data-start=\"2310\" data-end=\"2337\"><p data-start=\"2312\" data-end=\"2337\">Les obligations l\u00e9gales<\/p><\/li><\/ul>\t\t\t\t\t\t\t\t<\/div>\n\t\t\t\t\t<\/div>\n\t\t\t\t<\/div>\n\t\t<div class=\"elementor-element elementor-element-b9dae59 e-flex e-con-boxed e-con e-parent\" data-id=\"b9dae59\" data-element_type=\"container\">\n\t\t\t\t\t<div class=\"e-con-inner\">\n\t\t\t\t<div class=\"elementor-element elementor-element-2386419 elementor-widget elementor-widget-heading\" data-id=\"2386419\" data-element_type=\"widget\" data-widget_type=\"heading.default\">\n\t\t\t\t\t<h5 class=\"elementor-heading-title elementor-size-default\">6. Dur\u00e9e de conservation<\/h5>\t\t\t\t<\/div>\n\t\t\t\t<div class=\"elementor-element elementor-element-07ee684 elementor-widget elementor-widget-text-editor\" data-id=\"07ee684\" data-element_type=\"widget\" data-widget_type=\"text-editor.default\">\n\t\t\t\t\t\t\t\t\t<p data-start=\"2373\" data-end=\"2402\">Les donn\u00e9es sont conserv\u00e9es :<\/p><ul data-start=\"2404\" data-end=\"2590\"><li data-start=\"2404\" data-end=\"2464\"><p data-start=\"2406\" data-end=\"2464\">Pendant la dur\u00e9e n\u00e9cessaire \u00e0 la gestion des prestations<\/p><\/li><li data-start=\"2465\" data-end=\"2519\"><p data-start=\"2467\" data-end=\"2519\">Conform\u00e9ment aux obligations comptables et l\u00e9gales<\/p><\/li><li data-start=\"2520\" data-end=\"2590\"><p data-start=\"2522\" data-end=\"2590\">Jusqu\u2019au retrait du consentement pour les communications marketing<\/p><\/li><\/ul>\t\t\t\t\t\t\t\t<\/div>\n\t\t\t\t\t<\/div>\n\t\t\t\t<\/div>\n\t\t<div class=\"elementor-element elementor-element-47945d2 e-flex e-con-boxed e-con e-parent\" data-id=\"47945d2\" data-element_type=\"container\">\n\t\t\t\t\t<div class=\"e-con-inner\">\n\t\t\t\t<div class=\"elementor-element elementor-element-d069ac9 elementor-widget elementor-widget-heading\" data-id=\"d069ac9\" data-element_type=\"widget\" data-widget_type=\"heading.default\">\n\t\t\t\t\t<h5 class=\"elementor-heading-title elementor-size-default\">7. Partage des donn\u00e9es<\/h5>\t\t\t\t<\/div>\n\t\t\t\t<div class=\"elementor-element elementor-element-33abd96 elementor-widget elementor-widget-text-editor\" data-id=\"33abd96\" data-element_type=\"widget\" data-widget_type=\"text-editor.default\">\n\t\t\t\t\t\t\t\t\t<p data-start=\"2624\" data-end=\"2677\">Les donn\u00e9es ne sont ni vendues ni c\u00e9d\u00e9es \u00e0 des tiers.<\/p><p data-start=\"2679\" data-end=\"2725\">Elles peuvent \u00eatre partag\u00e9es uniquement avec :<\/p><ul data-start=\"2727\" data-end=\"2874\"><li data-start=\"2727\" data-end=\"2759\"><p data-start=\"2729\" data-end=\"2759\">Les prestataires de paiement<\/p><\/li><li data-start=\"2760\" data-end=\"2798\"><p data-start=\"2762\" data-end=\"2798\">Les outils de r\u00e9servation en ligne<\/p><\/li><li data-start=\"2799\" data-end=\"2822\"><p data-start=\"2801\" data-end=\"2822\">L\u2019h\u00e9bergeur du site<\/p><\/li><li data-start=\"2823\" data-end=\"2874\"><p data-start=\"2825\" data-end=\"2874\">Les autorit\u00e9s administratives si la loi l\u2019exige<\/p><\/li><\/ul>\t\t\t\t\t\t\t\t<\/div>\n\t\t\t\t\t<\/div>\n\t\t\t\t<\/div>\n\t\t<div class=\"elementor-element elementor-element-26bcacb e-flex e-con-boxed e-con e-parent\" data-id=\"26bcacb\" data-element_type=\"container\">\n\t\t\t\t\t<div class=\"e-con-inner\">\n\t\t\t\t<div class=\"elementor-element elementor-element-bf878ac elementor-widget elementor-widget-heading\" data-id=\"bf878ac\" data-element_type=\"widget\" data-widget_type=\"heading.default\">\n\t\t\t\t\t<h5 class=\"elementor-heading-title elementor-size-default\">8. Cookies<\/h5>\t\t\t\t<\/div>\n\t\t\t\t<div class=\"elementor-element elementor-element-aeb80dd elementor-widget elementor-widget-text-editor\" data-id=\"aeb80dd\" data-element_type=\"widget\" data-widget_type=\"text-editor.default\">\n\t\t\t\t\t\t\t\t\t<p data-start=\"2896\" data-end=\"2936\">Le site peut utiliser des cookies pour :<\/p><ul data-start=\"2938\" data-end=\"3058\"><li data-start=\"2938\" data-end=\"2989\"><p data-start=\"2940\" data-end=\"2989\">Garantir le bon fonctionnement des r\u00e9servations<\/p><\/li><li data-start=\"2990\" data-end=\"3019\"><p data-start=\"2992\" data-end=\"3019\">Analyser la fr\u00e9quentation<\/p><\/li><li data-start=\"3020\" data-end=\"3058\"><p data-start=\"3022\" data-end=\"3058\">Am\u00e9liorer les performances du site<\/p><\/li><\/ul><p data-start=\"3060\" data-end=\"3143\">L\u2019utilisateur peut configurer son navigateur pour refuser ou supprimer les cookies.<\/p>\t\t\t\t\t\t\t\t<\/div>\n\t\t\t\t\t<\/div>\n\t\t\t\t<\/div>\n\t\t<div class=\"elementor-element elementor-element-483e2d8 e-flex e-con-boxed e-con e-parent\" data-id=\"483e2d8\" data-element_type=\"container\">\n\t\t\t\t\t<div class=\"e-con-inner\">\n\t\t\t\t<div class=\"elementor-element elementor-element-cb11fdc elementor-widget elementor-widget-heading\" data-id=\"cb11fdc\" data-element_type=\"widget\" data-widget_type=\"heading.default\">\n\t\t\t\t\t<h5 class=\"elementor-heading-title elementor-size-default\">9. S\u00e9curit\u00e9<\/h5>\t\t\t\t<\/div>\n\t\t\t\t<div class=\"elementor-element elementor-element-8a11200 elementor-widget elementor-widget-text-editor\" data-id=\"8a11200\" data-element_type=\"widget\" data-widget_type=\"text-editor.default\">\n\t\t\t\t\t\t\t\t\t<p data-start=\"3166\" data-end=\"3296\">Hurley Surf Club Tamraght met en \u0153uvre des mesures techniques et organisationnelles appropri\u00e9es pour prot\u00e9ger les donn\u00e9es contre :<\/p><ul data-start=\"3298\" data-end=\"3371\"><li data-start=\"3298\" data-end=\"3322\"><p data-start=\"3300\" data-end=\"3322\">L\u2019acc\u00e8s non autoris\u00e9<\/p><\/li><li data-start=\"3323\" data-end=\"3335\"><p data-start=\"3325\" data-end=\"3335\">La perte<\/p><\/li><li data-start=\"3336\" data-end=\"3354\"><p data-start=\"3338\" data-end=\"3354\">La divulgation<\/p><\/li><li data-start=\"3355\" data-end=\"3371\"><p data-start=\"3357\" data-end=\"3371\">L\u2019alt\u00e9ration<\/p><\/li><\/ul>\t\t\t\t\t\t\t\t<\/div>\n\t\t\t\t\t<\/div>\n\t\t\t\t<\/div>\n\t\t<div class=\"elementor-element elementor-element-046ce30 e-flex e-con-boxed e-con e-parent\" data-id=\"046ce30\" data-element_type=\"container\">\n\t\t\t\t\t<div class=\"e-con-inner\">\n\t\t\t\t<div class=\"elementor-element elementor-element-7630bf1 elementor-widget elementor-widget-heading\" data-id=\"7630bf1\" data-element_type=\"widget\" data-widget_type=\"heading.default\">\n\t\t\t\t\t<h5 class=\"elementor-heading-title elementor-size-default\">10. Droits des utilisateurs<\/h5>\t\t\t\t<\/div>\n\t\t\t\t<div class=\"elementor-element elementor-element-813cd61 elementor-widget elementor-widget-text-editor\" data-id=\"813cd61\" data-element_type=\"widget\" data-widget_type=\"text-editor.default\">\n\t\t\t\t\t\t\t\t\t<p data-start=\"3410\" data-end=\"3490\">Conform\u00e9ment \u00e0 la r\u00e9glementation applicable, vous disposez des droits suivants :<\/p><ul data-start=\"3492\" data-end=\"3620\"><li data-start=\"3492\" data-end=\"3509\"><p data-start=\"3494\" data-end=\"3509\">Droit d\u2019acc\u00e8s<\/p><\/li><li data-start=\"3510\" data-end=\"3536\"><p data-start=\"3512\" data-end=\"3536\">Droit de rectification<\/p><\/li><li data-start=\"3537\" data-end=\"3559\"><p data-start=\"3539\" data-end=\"3559\">Droit d\u2019effacement<\/p><\/li><li data-start=\"3560\" data-end=\"3582\"><p data-start=\"3562\" data-end=\"3582\">Droit d\u2019opposition<\/p><\/li><li data-start=\"3583\" data-end=\"3620\"><p data-start=\"3585\" data-end=\"3620\">Droit de limitation du traitement<\/p><\/li><\/ul><p data-start=\"3622\" data-end=\"3705\">Pour exercer vos droits :<br data-start=\"3647\" data-end=\"3650\" \/>\ud83d\udce7 Contactez-nous \u00e0 : <a class=\"decorated-link cursor-pointer\" rel=\"noopener\" data-start=\"3672\" data-end=\"3703\">info@hurleysurfclubtamraght.com<\/a><\/p>\t\t\t\t\t\t\t\t<\/div>\n\t\t\t\t\t<\/div>\n\t\t\t\t<\/div>\n\t\t<div class=\"elementor-element elementor-element-ff41731 e-flex e-con-boxed e-con e-parent\" data-id=\"ff41731\" data-element_type=\"container\">\n\t\t\t\t\t<div class=\"e-con-inner\">\n\t\t\t\t<div class=\"elementor-element elementor-element-00b1f7b elementor-widget elementor-widget-heading\" data-id=\"00b1f7b\" data-element_type=\"widget\" data-widget_type=\"heading.default\">\n\t\t\t\t\t<h5 class=\"elementor-heading-title elementor-size-default\">11. Modification de la politique<\/h5>\t\t\t\t<\/div>\n\t\t\t\t<div class=\"elementor-element elementor-element-ae6beea elementor-widget elementor-widget-text-editor\" data-id=\"ae6beea\" data-element_type=\"widget\" data-widget_type=\"text-editor.default\">\n\t\t\t\t\t\t\t\t\t<p>Hurley Surf Club Tamraght se r\u00e9serve le droit de modifier la pr\u00e9sente Politique de Confidentialit\u00e9 \u00e0 tout moment.<br data-start=\"3862\" data-end=\"3865\" \/>La version applicable est celle publi\u00e9e sur le site au moment de la consultation.<\/p>\t\t\t\t\t\t\t\t<\/div>\n\t\t\t\t\t<\/div>\n\t\t\t\t<\/div>\n\t\t\t\t<\/div>","protected":false},"excerpt":{"rendered":"<p>Politique de Confidentialit\u00e9 \u00ab\u00a0La protection de vos donn\u00e9es personnelles est une priorit\u00e9 pour Westsurf Morocco. Nous nous engageons \u00e0 traiter vos informations avec la plus grande rigueur et transparence.\u00a0\u00bb Accueil 1. Collecte des Donn\u00e9es La pr\u00e9sente Politique de Confidentialit\u00e9 a pour objectif d\u2019informer les utilisateurs du site internet de Hurley Surf Club Tamraght sur la [&hellip;]<\/p>\n","protected":false},"author":1,"featured_media":0,"parent":0,"menu_order":0,"comment_status":"open","ping_status":"closed","template":"elementor_header_footer","meta":{"footnotes":""},"class_list":["post-394","page","type-page","status-publish","hentry"],"_links":{"self":[{"href":"https:\/\/hurleysurfclubtamraght.com\/en\/wp-json\/wp\/v2\/pages\/394","targetHints":{"allow":["GET"]}}],"collection":[{"href":"https:\/\/hurleysurfclubtamraght.com\/en\/wp-json\/wp\/v2\/pages"}],"about":[{"href":"https:\/\/hurleysurfclubtamraght.com\/en\/wp-json\/wp\/v2\/types\/page"}],"author":[{"embeddable":true,"href":"https:\/\/hurleysurfclubtamraght.com\/en\/wp-json\/wp\/v2\/users\/1"}],"replies":[{"embeddable":true,"href":"https:\/\/hurleysurfclubtamraght.com\/en\/wp-json\/wp\/v2\/comments?post=394"}],"version-history":[{"count":6,"href":"https:\/\/hurleysurfclubtamraght.com\/en\/wp-json\/wp\/v2\/pages\/394\/revisions"}],"predecessor-version":[{"id":1688,"href":"https:\/\/hurleysurfclubtamraght.com\/en\/wp-json\/wp\/v2\/pages\/394\/revisions\/1688"}],"wp:attachment":[{"href":"https:\/\/hurleysurfclubtamraght.com\/en\/wp-json\/wp\/v2\/media?parent=394"}],"curies":[{"name":"wp","href":"https:\/\/api.w.org\/{rel}","templated":true}]}}