{"id":1032,"date":"2026-02-04T14:08:45","date_gmt":"2026-02-04T14:08:45","guid":{"rendered":"https:\/\/hurleysurfclubtamraght.com\/?post_type=product&#038;p=1032"},"modified":"2026-03-04T17:49:23","modified_gmt":"2026-03-04T17:49:23","slug":"cabianca-el-caballero-60","status":"publish","type":"product","link":"https:\/\/hurleysurfclubtamraght.com\/en\/hurling\/cabianca-el-caballero-60\/","title":{"rendered":"CABIANCA EL CABALLERO 6.0"},"content":{"rendered":"<p>Une planche de surf haute performance alliant vitesse, puissance et pr\u00e9cision pour un surf progressif. Dot\u00e9e d\u2019un rocker bien \u00e9quilibr\u00e9 et d\u2019un outline orient\u00e9 performance, l\u2019El Caballero offre une acc\u00e9l\u00e9ration fluide, une excellente accroche des rails et des virages r\u00e9actifs dans une vari\u00e9t\u00e9 de conditions \u2013 des beach breaks puissants aux point breaks plus propres. Ses concaves subtils et sa queue raffin\u00e9e am\u00e9liorent le contr\u00f4le et la maniabilit\u00e9, faisant de cette planche un excellent choix pour les surfeurs souhaitant une board vive, performante au quotidien, avec \u00e0 la fois du drive et de la finesse.<\/p>","protected":false},"excerpt":{"rendered":"<p>Une planche de surf haute performance alliant vitesse, puissance et pr\u00e9cision pour un surf progressif.<br \/>\n<strong>Size :<\/strong> 6.0<br \/>\n<span data-sheets-root=\"1\"><strong>Price :<\/strong> 270 DH \/\u00a0 1 jour<\/span><\/p>","protected":false},"featured_media":1125,"comment_status":"open","ping_status":"closed","template":"","meta":[],"product_brand":[],"product_cat":[27,43],"product_tag":[],"mwb_booking_cost":[],"mwb_booking_service":[],"class_list":{"0":"post-1032","1":"product","2":"type-product","3":"status-publish","4":"has-post-thumbnail","6":"product_cat-booking","7":"product_cat-short-boards","9":"first","10":"instock","11":"virtual","12":"purchasable","13":"product-type-mwb_booking"},"_links":{"self":[{"href":"https:\/\/hurleysurfclubtamraght.com\/en\/wp-json\/wp\/v2\/product\/1032","targetHints":{"allow":["GET"]}}],"collection":[{"href":"https:\/\/hurleysurfclubtamraght.com\/en\/wp-json\/wp\/v2\/product"}],"about":[{"href":"https:\/\/hurleysurfclubtamraght.com\/en\/wp-json\/wp\/v2\/types\/product"}],"replies":[{"embeddable":true,"href":"https:\/\/hurleysurfclubtamraght.com\/en\/wp-json\/wp\/v2\/comments?post=1032"}],"wp:featuredmedia":[{"embeddable":true,"href":"https:\/\/hurleysurfclubtamraght.com\/en\/wp-json\/wp\/v2\/media\/1125"}],"wp:attachment":[{"href":"https:\/\/hurleysurfclubtamraght.com\/en\/wp-json\/wp\/v2\/media?parent=1032"}],"wp:term":[{"taxonomy":"product_brand","embeddable":true,"href":"https:\/\/hurleysurfclubtamraght.com\/en\/wp-json\/wp\/v2\/product_brand?post=1032"},{"taxonomy":"product_cat","embeddable":true,"href":"https:\/\/hurleysurfclubtamraght.com\/en\/wp-json\/wp\/v2\/product_cat?post=1032"},{"taxonomy":"product_tag","embeddable":true,"href":"https:\/\/hurleysurfclubtamraght.com\/en\/wp-json\/wp\/v2\/product_tag?post=1032"},{"taxonomy":"mwb_booking_cost","embeddable":true,"href":"https:\/\/hurleysurfclubtamraght.com\/en\/wp-json\/wp\/v2\/mwb_booking_cost?post=1032"},{"taxonomy":"mwb_booking_service","embeddable":true,"href":"https:\/\/hurleysurfclubtamraght.com\/en\/wp-json\/wp\/v2\/mwb_booking_service?post=1032"}],"curies":[{"name":"wp","href":"https:\/\/api.w.org\/{rel}","templated":true}]}}