{"id":1034,"date":"2026-02-04T14:10:00","date_gmt":"2026-02-04T14:10:00","guid":{"rendered":"https:\/\/hurleysurfclubtamraght.com\/?post_type=product&#038;p=1034"},"modified":"2026-03-04T17:49:01","modified_gmt":"2026-03-04T17:49:01","slug":"js-industries-raging-bulls-62","status":"publish","type":"product","link":"https:\/\/hurleysurfclubtamraght.com\/en\/hurling\/js-industries-raging-bulls-62\/","title":{"rendered":"JS INDUSTRIES RAGING BULLS 6.2"},"content":{"rendered":"<p>A versatile, high-performance surfboard designed to make powerful surfing easy in a wide variety of conditions. With a flatter entry rocker and generous nose, it paddles fast and catches waves early, while the refined tail and balanced exit rocker provide control, maneuverability, and release in turns. The single-to-double concave and medium rails generate speed and ensure smooth rail-to-rail transitions, making this board an excellent choice for everyday surfing on powerful beach breaks, point breaks, and reefs.<\/p>","protected":false},"excerpt":{"rendered":"<p class=\"translation-block\">Une planche de surf polyvalente et performante, con\u00e7ue pour rendre le surf puissant facile dans une grande vari\u00e9t\u00e9 de conditions.<br>\r\n<strong>Size :<\/strong> 6.2<br>\r\n<span data-sheets-root=\"1\"><strong>Price :<\/strong> 270 DH \/&nbsp; 1 jour<\/span><\/p>","protected":false},"featured_media":1108,"comment_status":"open","ping_status":"closed","template":"","meta":[],"product_brand":[],"product_cat":[27,43],"product_tag":[],"mwb_booking_cost":[],"mwb_booking_service":[],"class_list":{"0":"post-1034","1":"product","2":"type-product","3":"status-publish","4":"has-post-thumbnail","6":"product_cat-booking","7":"product_cat-short-boards","9":"first","10":"instock","11":"virtual","12":"purchasable","13":"product-type-mwb_booking"},"_links":{"self":[{"href":"https:\/\/hurleysurfclubtamraght.com\/en\/wp-json\/wp\/v2\/product\/1034","targetHints":{"allow":["GET"]}}],"collection":[{"href":"https:\/\/hurleysurfclubtamraght.com\/en\/wp-json\/wp\/v2\/product"}],"about":[{"href":"https:\/\/hurleysurfclubtamraght.com\/en\/wp-json\/wp\/v2\/types\/product"}],"replies":[{"embeddable":true,"href":"https:\/\/hurleysurfclubtamraght.com\/en\/wp-json\/wp\/v2\/comments?post=1034"}],"wp:featuredmedia":[{"embeddable":true,"href":"https:\/\/hurleysurfclubtamraght.com\/en\/wp-json\/wp\/v2\/media\/1108"}],"wp:attachment":[{"href":"https:\/\/hurleysurfclubtamraght.com\/en\/wp-json\/wp\/v2\/media?parent=1034"}],"wp:term":[{"taxonomy":"product_brand","embeddable":true,"href":"https:\/\/hurleysurfclubtamraght.com\/en\/wp-json\/wp\/v2\/product_brand?post=1034"},{"taxonomy":"product_cat","embeddable":true,"href":"https:\/\/hurleysurfclubtamraght.com\/en\/wp-json\/wp\/v2\/product_cat?post=1034"},{"taxonomy":"product_tag","embeddable":true,"href":"https:\/\/hurleysurfclubtamraght.com\/en\/wp-json\/wp\/v2\/product_tag?post=1034"},{"taxonomy":"mwb_booking_cost","embeddable":true,"href":"https:\/\/hurleysurfclubtamraght.com\/en\/wp-json\/wp\/v2\/mwb_booking_cost?post=1034"},{"taxonomy":"mwb_booking_service","embeddable":true,"href":"https:\/\/hurleysurfclubtamraght.com\/en\/wp-json\/wp\/v2\/mwb_booking_service?post=1034"}],"curies":[{"name":"wp","href":"https:\/\/api.w.org\/{rel}","templated":true}]}}