{"id":827,"date":"2026-01-16T15:56:19","date_gmt":"2026-01-16T15:56:19","guid":{"rendered":"https:\/\/hurleysurfclubtamraght.com\/book\/non%20class\u00e9\/kitesurf-wingfoil-2-sessions-2\/"},"modified":"2026-03-04T03:52:23","modified_gmt":"2026-03-04T03:52:23","slug":"kitesurf-wingfoil-2-sessions-2","status":"publish","type":"product","link":"https:\/\/hurleysurfclubtamraght.com\/en\/hurling\/kitesurf-wingfoil-2-sessions-2\/","title":{"rendered":"Kitesurf \/ Wingfoil (2 s\u00e9ances)"},"content":{"rendered":"<div class=\"flex flex-col text-sm pb-25\">\n<article class=\"text-token-text-primary w-full focus:outline-none [--shadow-height:45px] has-data-writing-block:pointer-events-none has-data-writing-block:-mt-(--shadow-height) has-data-writing-block:pt-(--shadow-height) [&amp;:has([data-writing-block])&gt;*]:pointer-events-auto scroll-mt-[calc(var(--header-height)+min(200px,max(70px,20svh)))]\" dir=\"auto\" tabindex=\"-1\" data-turn-id=\"request-WEB:197cdd6d-6cf2-4b98-9e6c-7075289a5f4c-2\" data-testid=\"conversation-turn-6\" data-scroll-anchor=\"true\" data-turn=\"assistant\">\n<div class=\"text-base my-auto mx-auto pb-10 [--thread-content-margin:--spacing(4)] @w-sm\/main:[--thread-content-margin:--spacing(6)] @w-lg\/main:[--thread-content-margin:--spacing(16)] px-(--thread-content-margin)\">\n<div class=\"[--thread-content-max-width:40rem] @w-lg\/main:[--thread-content-max-width:48rem] mx-auto max-w-(--thread-content-max-width) flex-1 group\/turn-messages focus-visible:outline-hidden relative flex w-full min-w-0 flex-col agent-turn\" tabindex=\"-1\">\n<div class=\"flex max-w-full flex-col grow\">\n<div class=\"min-h-8 text-message relative flex w-full flex-col items-end gap-2 text-start break-words whitespace-normal [.text-message+&amp;]:mt-1\" dir=\"auto\" data-message-author-role=\"assistant\" data-message-id=\"0c1fc6b9-17c6-4ee7-962b-4ed5af2d2277\" data-message-model-slug=\"gpt-5-2\">\n<div class=\"flex w-full flex-col gap-1 empty:hidden first:pt-[1px]\">\n<div class=\"markdown prose dark:prose-invert w-full wrap-break-word dark markdown-new-styling\">\n<p data-start=\"78\" data-end=\"372\">Progressez rapidement et gagnez en confiance gr\u00e2ce \u00e0 une formule de <strong data-start=\"146\" data-end=\"183\">2 s\u00e9ances de Kitesurf ou Wingfoil<\/strong> en semi-priv\u00e9. Ce programme de 4 heures (2 x 2h) est id\u00e9al pour les d\u00e9butants souhaitant acqu\u00e9rir des bases solides ou pour les riders interm\u00e9diaires d\u00e9sirant perfectionner leur technique.<\/p>\n<p data-start=\"374\" data-end=\"721\">Encadr\u00e9(e)s par un moniteur certifi\u00e9, vous approfondirez les aspects essentiels : ma\u00eetrise du mat\u00e9riel, s\u00e9curit\u00e9, contr\u00f4le de l\u2019aile ou de la wing, gestion de la planche, \u00e9quilibre et premi\u00e8res transitions. Le format semi-priv\u00e9 (2 personnes) garantit un suivi personnalis\u00e9 tout en partageant l\u2019exp\u00e9rience dans une ambiance dynamique et conviviale.<\/p>\n<p data-start=\"723\" data-end=\"823\">Cette formule vous permet d\u2019\u00e9voluer \u00e0 votre rythme et d\u2019ancrer durablement les comp\u00e9tences acquises.<\/p>\n<p data-start=\"825\" data-end=\"975\"><strong data-start=\"825\" data-end=\"844\">Type de cours :<\/strong> Semi-priv\u00e9 (2 personnes)<br data-start=\"869\" data-end=\"872\" \/><strong data-start=\"872\" data-end=\"883\">Dur\u00e9e :<\/strong> 4 heures (2 s\u00e9ances de 2h)<br data-start=\"910\" data-end=\"913\" \/><strong data-start=\"913\" data-end=\"923\">Prix :<\/strong> 2400 DH \/ personne<br data-start=\"942\" data-end=\"945\" \/><strong data-start=\"945\" data-end=\"955\">Note :<\/strong> \u00c9quipement inclus<\/p>\n<p data-start=\"977\" data-end=\"1074\" data-is-last-node=\"\" data-is-only-node=\"\">R\u00e9servez d\u00e8s maintenant et profitez pleinement des sensations de glisse et de libert\u00e9 sur l\u2019eau !<\/p>\n<\/div>\n<\/div>\n<\/div>\n<\/div>\n<div class=\"z-0 flex min-h-[46px] justify-start\"><\/div>\n<div class=\"mt-3 w-full empty:hidden\">\n<div class=\"text-center\"><\/div>\n<\/div>\n<\/div>\n<\/div>\n<\/article>\n<\/div>\n<div class=\"pointer-events-none h-px w-px absolute bottom-0\" aria-hidden=\"true\" data-edge=\"true\"><\/div>\n","protected":false},"excerpt":{"rendered":"<p class=\"translation-block\">Progress quickly and gain confidence with a package of two semi-private kitesurfing or wingfoil sessions.<br>\n<span data-sheets-root=\"\u201c1\u201d\"><strong>Duration:<\/strong> 4 hours\n<span data-sheets-root=\"\u201c1\u201d\"><br><strong>Price:<\/strong> 2,400 MAD per person<\/p>","protected":false},"featured_media":811,"comment_status":"open","ping_status":"closed","template":"","meta":[],"product_brand":[],"product_cat":[27,38],"product_tag":[],"mwb_booking_cost":[],"mwb_booking_service":[],"class_list":{"0":"post-827","1":"product","2":"type-product","3":"status-publish","4":"has-post-thumbnail","6":"product_cat-booking","7":"product_cat-kitesurf-semi-private","9":"first","10":"instock","11":"virtual","12":"purchasable","13":"product-type-mwb_booking"},"_links":{"self":[{"href":"https:\/\/hurleysurfclubtamraght.com\/en\/wp-json\/wp\/v2\/product\/827","targetHints":{"allow":["GET"]}}],"collection":[{"href":"https:\/\/hurleysurfclubtamraght.com\/en\/wp-json\/wp\/v2\/product"}],"about":[{"href":"https:\/\/hurleysurfclubtamraght.com\/en\/wp-json\/wp\/v2\/types\/product"}],"replies":[{"embeddable":true,"href":"https:\/\/hurleysurfclubtamraght.com\/en\/wp-json\/wp\/v2\/comments?post=827"}],"wp:featuredmedia":[{"embeddable":true,"href":"https:\/\/hurleysurfclubtamraght.com\/en\/wp-json\/wp\/v2\/media\/811"}],"wp:attachment":[{"href":"https:\/\/hurleysurfclubtamraght.com\/en\/wp-json\/wp\/v2\/media?parent=827"}],"wp:term":[{"taxonomy":"product_brand","embeddable":true,"href":"https:\/\/hurleysurfclubtamraght.com\/en\/wp-json\/wp\/v2\/product_brand?post=827"},{"taxonomy":"product_cat","embeddable":true,"href":"https:\/\/hurleysurfclubtamraght.com\/en\/wp-json\/wp\/v2\/product_cat?post=827"},{"taxonomy":"product_tag","embeddable":true,"href":"https:\/\/hurleysurfclubtamraght.com\/en\/wp-json\/wp\/v2\/product_tag?post=827"},{"taxonomy":"mwb_booking_cost","embeddable":true,"href":"https:\/\/hurleysurfclubtamraght.com\/en\/wp-json\/wp\/v2\/mwb_booking_cost?post=827"},{"taxonomy":"mwb_booking_service","embeddable":true,"href":"https:\/\/hurleysurfclubtamraght.com\/en\/wp-json\/wp\/v2\/mwb_booking_service?post=827"}],"curies":[{"name":"wp","href":"https:\/\/api.w.org\/{rel}","templated":true}]}}