{"id":828,"date":"2026-01-16T16:11:37","date_gmt":"2026-01-16T16:11:37","guid":{"rendered":"https:\/\/hurleysurfclubtamraght.com\/?post_type=product&#038;p=828"},"modified":"2026-03-04T03:52:13","modified_gmt":"2026-03-04T03:52:13","slug":"kitesurf-wingfoil-3-sessions-2","status":"publish","type":"product","link":"https:\/\/hurleysurfclubtamraght.com\/en\/hurling\/kitesurf-wingfoil-3-sessions-2\/","title":{"rendered":"Kitesurfing \/ Wingfoiling (3 sessions)"},"content":{"rendered":"<div class=\"flex max-w-full flex-col grow\">\n<div class=\"min-h-8 text-message relative flex w-full flex-col items-end gap-2 text-start break-words whitespace-normal [.text-message+&amp;]:mt-1\" dir=\"auto\" data-message-author-role=\"assistant\" data-message-id=\"7528d5e5-9e6a-4e75-a1ea-760b64b187fe\" data-message-model-slug=\"gpt-5-2\">\n<div class=\"flex w-full flex-col gap-1 empty:hidden first:pt-[1px]\">\n<div class=\"markdown prose dark:prose-invert w-full wrap-break-word dark markdown-new-styling\">\n<p data-start=\"78\" data-end=\"423\">Optez pour une formule compl\u00e8te de <strong data-start=\"113\" data-end=\"150\">3 s\u00e9ances de Kitesurf ou Wingfoil<\/strong> en semi-priv\u00e9 et d\u00e9veloppez vos comp\u00e9tences en toute confiance. Avec un total de 6 heures de formation (3 x 2h), ce programme est parfait pour les d\u00e9butants souhaitant atteindre une r\u00e9elle autonomie ou pour les pratiquants interm\u00e9diaires d\u00e9sirant am\u00e9liorer leur technique.<\/p>\n<p data-start=\"425\" data-end=\"785\">Accompagn\u00e9(e)s par un moniteur certifi\u00e9, vous travaillerez progressivement sur la ma\u00eetrise du mat\u00e9riel, la s\u00e9curit\u00e9, le contr\u00f4le de l\u2019aile ou de la wing, la gestion de la planche, les d\u00e9parts, la glisse et les premi\u00e8res man\u0153uvres. Le format semi-priv\u00e9 (2 personnes) assure un encadrement personnalis\u00e9 tout en profitant d\u2019une exp\u00e9rience conviviale et motivante.<\/p>\n<p data-start=\"787\" data-end=\"883\">Cette formule permet une progression structur\u00e9e et durable, avec un v\u00e9ritable suivi p\u00e9dagogique.<\/p>\n<p data-start=\"885\" data-end=\"1004\"><strong data-start=\"885\" data-end=\"904\">Type de cours :<\/strong> Semi-priv\u00e9 (2 personnes)<br data-start=\"929\" data-end=\"932\" \/><strong data-start=\"932\" data-end=\"943\">Dur\u00e9e :<\/strong> 6 heures (3 s\u00e9ances de 2h)<br data-start=\"970\" data-end=\"973\" \/><strong data-start=\"973\" data-end=\"983\">Prix :<\/strong> 3480 DH \/ personne<\/p>\n<p data-start=\"1006\" data-end=\"1098\" data-is-last-node=\"\" data-is-only-node=\"\">R\u00e9servez votre pack et vivez une immersion compl\u00e8te dans l\u2019univers du vent et de la glisse !<\/p>\n<\/div>\n<\/div>\n<\/div>\n<\/div>\n<div class=\"z-0 flex min-h-[46px] justify-start\"><\/div>\n<div class=\"mt-3 w-full empty:hidden\">\n<div class=\"text-center\">\n<div>\n<div class=\"inline-flex border border-gray-100 dark:border-gray-700 rounded-xl\">\n<div class=\"text-token-text-secondary flex items-center justify-center gap-4 px-4 py-2.5 text-sm whitespace-nowrap\"><\/div>\n<\/div>\n<\/div>\n<\/div>\n<\/div>\n","protected":false},"excerpt":{"rendered":"<p class=\"translation-block\">Opt for a comprehensive package of <strong data-start=\"\u201c113\u201d\" data-end=\"\u201c150\u201d\">3 semi-private kitesurfing or wingfoil sessions<\/strong> and develop your skills with confidence. <br>\n<span data-sheets-root=\"\u201c1\u201d\"><strong>Duration:<\/strong> 6 hours <\/span><br>\n<span data-sheets-root=\"\u201c1\u201d\"><strong>Price:<\/strong> 3480 MAD \/ Person<\/span><\/p>","protected":false},"featured_media":813,"comment_status":"open","ping_status":"closed","template":"","meta":[],"product_brand":[],"product_cat":[27,38],"product_tag":[],"mwb_booking_cost":[],"mwb_booking_service":[],"class_list":{"0":"post-828","1":"product","2":"type-product","3":"status-publish","4":"has-post-thumbnail","6":"product_cat-booking","7":"product_cat-kitesurf-semi-private","9":"first","10":"instock","11":"virtual","12":"purchasable","13":"product-type-mwb_booking"},"_links":{"self":[{"href":"https:\/\/hurleysurfclubtamraght.com\/en\/wp-json\/wp\/v2\/product\/828","targetHints":{"allow":["GET"]}}],"collection":[{"href":"https:\/\/hurleysurfclubtamraght.com\/en\/wp-json\/wp\/v2\/product"}],"about":[{"href":"https:\/\/hurleysurfclubtamraght.com\/en\/wp-json\/wp\/v2\/types\/product"}],"replies":[{"embeddable":true,"href":"https:\/\/hurleysurfclubtamraght.com\/en\/wp-json\/wp\/v2\/comments?post=828"}],"wp:featuredmedia":[{"embeddable":true,"href":"https:\/\/hurleysurfclubtamraght.com\/en\/wp-json\/wp\/v2\/media\/813"}],"wp:attachment":[{"href":"https:\/\/hurleysurfclubtamraght.com\/en\/wp-json\/wp\/v2\/media?parent=828"}],"wp:term":[{"taxonomy":"product_brand","embeddable":true,"href":"https:\/\/hurleysurfclubtamraght.com\/en\/wp-json\/wp\/v2\/product_brand?post=828"},{"taxonomy":"product_cat","embeddable":true,"href":"https:\/\/hurleysurfclubtamraght.com\/en\/wp-json\/wp\/v2\/product_cat?post=828"},{"taxonomy":"product_tag","embeddable":true,"href":"https:\/\/hurleysurfclubtamraght.com\/en\/wp-json\/wp\/v2\/product_tag?post=828"},{"taxonomy":"mwb_booking_cost","embeddable":true,"href":"https:\/\/hurleysurfclubtamraght.com\/en\/wp-json\/wp\/v2\/mwb_booking_cost?post=828"},{"taxonomy":"mwb_booking_service","embeddable":true,"href":"https:\/\/hurleysurfclubtamraght.com\/en\/wp-json\/wp\/v2\/mwb_booking_service?post=828"}],"curies":[{"name":"wp","href":"https:\/\/api.w.org\/{rel}","templated":true}]}}