{"id":829,"date":"2026-01-16T16:24:55","date_gmt":"2026-01-16T16:24:55","guid":{"rendered":"https:\/\/hurleysurfclubtamraght.com\/?post_type=product&#038;p=829"},"modified":"2026-03-04T03:52:04","modified_gmt":"2026-03-04T03:52:04","slug":"kitesurf-wingfoil-4-sessions-2","status":"publish","type":"product","link":"https:\/\/hurleysurfclubtamraght.com\/en\/hurling\/kitesurf-wingfoil-4-sessions-2\/","title":{"rendered":"Kitesurfing \/ Wingfoiling (4 sessions)"},"content":{"rendered":"<div class=\"flex flex-col text-sm pb-25\">\n<article class=\"text-token-text-primary w-full focus:outline-none [--shadow-height:45px] has-data-writing-block:pointer-events-none has-data-writing-block:-mt-(--shadow-height) has-data-writing-block:pt-(--shadow-height) [&amp;:has([data-writing-block])&gt;*]:pointer-events-auto scroll-mt-[calc(var(--header-height)+min(200px,max(70px,20svh)))]\" dir=\"auto\" tabindex=\"-1\" data-turn-id=\"request-WEB:197cdd6d-6cf2-4b98-9e6c-7075289a5f4c-4\" data-testid=\"conversation-turn-10\" data-scroll-anchor=\"true\" data-turn=\"assistant\">\n<div class=\"text-base my-auto mx-auto pb-10 [--thread-content-margin:--spacing(4)] @w-sm\/main:[--thread-content-margin:--spacing(6)] @w-lg\/main:[--thread-content-margin:--spacing(16)] px-(--thread-content-margin)\">\n<div class=\"[--thread-content-max-width:40rem] @w-lg\/main:[--thread-content-max-width:48rem] mx-auto max-w-(--thread-content-max-width) flex-1 group\/turn-messages focus-visible:outline-hidden relative flex w-full min-w-0 flex-col agent-turn\" tabindex=\"-1\">\n<div class=\"flex max-w-full flex-col grow\">\n<div class=\"min-h-8 text-message relative flex w-full flex-col items-end gap-2 text-start break-words whitespace-normal [.text-message+&amp;]:mt-1\" dir=\"auto\" data-message-author-role=\"assistant\" data-message-id=\"91e909bc-e7e0-4f43-aec6-a6a5235136fd\" data-message-model-slug=\"gpt-5-2\">\n<div class=\"flex w-full flex-col gap-1 empty:hidden first:pt-[1px]\">\n<div class=\"markdown prose dark:prose-invert w-full wrap-break-word dark markdown-new-styling\">\n<p data-start=\"78\" data-end=\"388\">Choisissez une formule immersive de <strong data-start=\"114\" data-end=\"151\">4 s\u00e9ances de Kitesurf ou Wingfoil<\/strong> en semi-priv\u00e9 pour progresser efficacement et atteindre un niveau sup\u00e9rieur. Ce programme structur\u00e9 vous permet d\u2019am\u00e9liorer votre technique, votre contr\u00f4le et votre autonomie sur l\u2019eau, tout en b\u00e9n\u00e9ficiant d\u2019un encadrement personnalis\u00e9.<\/p>\n<p data-start=\"390\" data-end=\"759\">Accompagn\u00e9(e)s par un moniteur certifi\u00e9, vous d\u00e9velopperez vos comp\u00e9tences \u00e9tape par \u00e9tape : ma\u00eetrise du mat\u00e9riel, s\u00e9curit\u00e9, contr\u00f4le de l\u2019aile ou de la wing, gestion de la planche, d\u00e9parts ma\u00eetris\u00e9s, am\u00e9lioration de la glisse et premi\u00e8res man\u0153uvres. Le format semi-priv\u00e9 (2 personnes) garantit une attention adapt\u00e9e \u00e0 chacun tout en conservant une dynamique motivante.<\/p>\n<p data-start=\"761\" data-end=\"855\">Cette formule est id\u00e9ale pour celles et ceux qui souhaitent une progression solide et durable.<\/p>\n<p data-start=\"857\" data-end=\"960\"><strong data-start=\"857\" data-end=\"876\">Type de cours :<\/strong> Semi-priv\u00e9 (2 personnes)<br data-start=\"903\" data-end=\"906\" \/><strong data-start=\"906\" data-end=\"917\">Dur\u00e9e :<\/strong> 6 heures<br data-start=\"926\" data-end=\"929\" \/><strong data-start=\"929\" data-end=\"939\">Prix :<\/strong> 4100 DH \/ personne<\/p>\n<p data-start=\"962\" data-end=\"1074\" data-is-last-node=\"\" data-is-only-node=\"\">R\u00e9servez votre pack et profitez d\u2019une exp\u00e9rience compl\u00e8te alliant progression, adr\u00e9naline et plaisir sur l\u2019eau !<\/p>\n<\/div>\n<\/div>\n<\/div>\n<\/div>\n<\/div>\n<\/div>\n<\/article>\n<\/div>\n","protected":false},"excerpt":{"rendered":"<p class=\"translation-block\">Choose an immersive package of 4 semi-private kitesurfing or wingfoil sessions to progress effectively and reach the next level. <br>\n<span data-sheets-root=\"\u201c1\u201d\"><strong>Duration:<\/strong> 6 hours <\/span><br>\n<span data-sheets-root=\"\u201c1\u201d\"><strong>Price:<\/strong> 4100 MAD \/ Person<\/span><\/p>","protected":false},"featured_media":815,"comment_status":"open","ping_status":"closed","template":"","meta":[],"product_brand":[],"product_cat":[27,38],"product_tag":[],"mwb_booking_cost":[],"mwb_booking_service":[],"class_list":{"0":"post-829","1":"product","2":"type-product","3":"status-publish","4":"has-post-thumbnail","6":"product_cat-booking","7":"product_cat-kitesurf-semi-private","9":"first","10":"instock","11":"virtual","12":"purchasable","13":"product-type-mwb_booking"},"_links":{"self":[{"href":"https:\/\/hurleysurfclubtamraght.com\/en\/wp-json\/wp\/v2\/product\/829","targetHints":{"allow":["GET"]}}],"collection":[{"href":"https:\/\/hurleysurfclubtamraght.com\/en\/wp-json\/wp\/v2\/product"}],"about":[{"href":"https:\/\/hurleysurfclubtamraght.com\/en\/wp-json\/wp\/v2\/types\/product"}],"replies":[{"embeddable":true,"href":"https:\/\/hurleysurfclubtamraght.com\/en\/wp-json\/wp\/v2\/comments?post=829"}],"wp:featuredmedia":[{"embeddable":true,"href":"https:\/\/hurleysurfclubtamraght.com\/en\/wp-json\/wp\/v2\/media\/815"}],"wp:attachment":[{"href":"https:\/\/hurleysurfclubtamraght.com\/en\/wp-json\/wp\/v2\/media?parent=829"}],"wp:term":[{"taxonomy":"product_brand","embeddable":true,"href":"https:\/\/hurleysurfclubtamraght.com\/en\/wp-json\/wp\/v2\/product_brand?post=829"},{"taxonomy":"product_cat","embeddable":true,"href":"https:\/\/hurleysurfclubtamraght.com\/en\/wp-json\/wp\/v2\/product_cat?post=829"},{"taxonomy":"product_tag","embeddable":true,"href":"https:\/\/hurleysurfclubtamraght.com\/en\/wp-json\/wp\/v2\/product_tag?post=829"},{"taxonomy":"mwb_booking_cost","embeddable":true,"href":"https:\/\/hurleysurfclubtamraght.com\/en\/wp-json\/wp\/v2\/mwb_booking_cost?post=829"},{"taxonomy":"mwb_booking_service","embeddable":true,"href":"https:\/\/hurleysurfclubtamraght.com\/en\/wp-json\/wp\/v2\/mwb_booking_service?post=829"}],"curies":[{"name":"wp","href":"https:\/\/api.w.org\/{rel}","templated":true}]}}