{"id":830,"date":"2026-01-16T16:26:07","date_gmt":"2026-01-16T16:26:07","guid":{"rendered":"https:\/\/hurleysurfclubtamraght.com\/?post_type=product&#038;p=830"},"modified":"2026-03-04T03:51:56","modified_gmt":"2026-03-04T03:51:56","slug":"kitesurf-wingfoil-5-sessions-2","status":"publish","type":"product","link":"https:\/\/hurleysurfclubtamraght.com\/en\/hurling\/kitesurf-wingfoil-5-sessions-2\/","title":{"rendered":"Kitesurfing \/ Wingfoiling (5 sessions)"},"content":{"rendered":"<div class=\"flex flex-col text-sm pb-25\">\n<article class=\"text-token-text-primary w-full focus:outline-none [--shadow-height:45px] has-data-writing-block:pointer-events-none has-data-writing-block:-mt-(--shadow-height) has-data-writing-block:pt-(--shadow-height) [&amp;:has([data-writing-block])&gt;*]:pointer-events-auto scroll-mt-[calc(var(--header-height)+min(200px,max(70px,20svh)))]\" dir=\"auto\" tabindex=\"-1\" data-turn-id=\"request-WEB:197cdd6d-6cf2-4b98-9e6c-7075289a5f4c-5\" data-testid=\"conversation-turn-12\" data-scroll-anchor=\"true\" data-turn=\"assistant\">\n<div class=\"text-base my-auto mx-auto pb-10 [--thread-content-margin:--spacing(4)] @w-sm\/main:[--thread-content-margin:--spacing(6)] @w-lg\/main:[--thread-content-margin:--spacing(16)] px-(--thread-content-margin)\">\n<div class=\"[--thread-content-max-width:40rem] @w-lg\/main:[--thread-content-max-width:48rem] mx-auto max-w-(--thread-content-max-width) flex-1 group\/turn-messages focus-visible:outline-hidden relative flex w-full min-w-0 flex-col agent-turn\" tabindex=\"-1\">\n<div class=\"flex max-w-full flex-col grow\">\n<div class=\"min-h-8 text-message relative flex w-full flex-col items-end gap-2 text-start break-words whitespace-normal [.text-message+&amp;]:mt-1\" dir=\"auto\" data-message-author-role=\"assistant\" data-message-id=\"417c34d9-808e-431d-9c38-23951c851c61\" data-message-model-slug=\"gpt-5-2\">\n<div class=\"flex w-full flex-col gap-1 empty:hidden first:pt-[1px]\">\n<div class=\"markdown prose dark:prose-invert w-full wrap-break-word dark markdown-new-styling\">\n<p data-start=\"78\" data-end=\"414\">Offrez-vous une exp\u00e9rience compl\u00e8te avec <strong data-start=\"119\" data-end=\"156\">5 s\u00e9ances de Kitesurf ou Wingfoil<\/strong> en semi-priv\u00e9, id\u00e9ales pour atteindre un excellent niveau d\u2019autonomie et de ma\u00eetrise. Avec un total de 10 heures de formation (5 x 2h), cette formule est parfaite pour les d\u00e9butants motiv\u00e9s comme pour les pratiquants souhaitant perfectionner leur technique.<\/p>\n<p data-start=\"416\" data-end=\"794\">Encadr\u00e9(e)s par un moniteur certifi\u00e9, vous progresserez \u00e9tape par \u00e9tape : s\u00e9curit\u00e9 et pr\u00e9paration du mat\u00e9riel, contr\u00f4le avanc\u00e9 de l\u2019aile ou de la wing, ma\u00eetrise de la planche, d\u00e9parts fluides, am\u00e9lioration de la glisse, transitions et premi\u00e8res man\u0153uvres. Le format semi-priv\u00e9 (2 personnes) permet un suivi personnalis\u00e9 tout en profitant d\u2019une ambiance conviviale et stimulante.<\/p>\n<p data-start=\"796\" data-end=\"916\">Cette formule vous garantit une progression solide, structur\u00e9e et durable, avec un v\u00e9ritable accompagnement p\u00e9dagogique.<\/p>\n<p data-start=\"918\" data-end=\"1038\"><strong data-start=\"918\" data-end=\"937\">Type de cours :<\/strong> Semi-priv\u00e9 (2 personnes)<br data-start=\"962\" data-end=\"965\" \/><strong data-start=\"965\" data-end=\"976\">Dur\u00e9e :<\/strong> 10 heures (5 s\u00e9ances de 2h)<br data-start=\"1004\" data-end=\"1007\" \/><strong data-start=\"1007\" data-end=\"1017\">Prix :<\/strong> 5300 DH \/ personne<\/p>\n<p data-start=\"1040\" data-end=\"1133\" data-is-last-node=\"\" data-is-only-node=\"\">R\u00e9servez d\u00e8s maintenant et vivez pleinement l\u2019exp\u00e9rience du vent et de la libert\u00e9 sur l\u2019eau !<\/p>\n<\/div>\n<\/div>\n<\/div>\n<\/div>\n<\/div>\n<\/div>\n<\/article>\n<\/div>\n","protected":false},"excerpt":{"rendered":"<p>Offrez-vous une exp\u00e9rience compl\u00e8te avec 5 s\u00e9ances de Kitesurf ou Wingfoil en semi-priv\u00e9, id\u00e9ales pour atteindre un excellent niveau d\u2019autonomie et de ma\u00eetrise.<\/p>\n<p><span data-sheets-root=\"1\"><strong>Duration :<\/strong> 10h <\/span><br \/>\n<span data-sheets-root=\"1\"><strong>Price :<\/strong> 5300 DH \/ Personne<\/span><\/p>","protected":false},"featured_media":608,"comment_status":"open","ping_status":"closed","template":"","meta":[],"product_brand":[],"product_cat":[27,38],"product_tag":[],"mwb_booking_cost":[],"mwb_booking_service":[],"class_list":{"0":"post-830","1":"product","2":"type-product","3":"status-publish","4":"has-post-thumbnail","6":"product_cat-booking","7":"product_cat-kitesurf-semi-private","9":"first","10":"instock","11":"virtual","12":"purchasable","13":"product-type-mwb_booking"},"_links":{"self":[{"href":"https:\/\/hurleysurfclubtamraght.com\/en\/wp-json\/wp\/v2\/product\/830","targetHints":{"allow":["GET"]}}],"collection":[{"href":"https:\/\/hurleysurfclubtamraght.com\/en\/wp-json\/wp\/v2\/product"}],"about":[{"href":"https:\/\/hurleysurfclubtamraght.com\/en\/wp-json\/wp\/v2\/types\/product"}],"replies":[{"embeddable":true,"href":"https:\/\/hurleysurfclubtamraght.com\/en\/wp-json\/wp\/v2\/comments?post=830"}],"wp:featuredmedia":[{"embeddable":true,"href":"https:\/\/hurleysurfclubtamraght.com\/en\/wp-json\/wp\/v2\/media\/608"}],"wp:attachment":[{"href":"https:\/\/hurleysurfclubtamraght.com\/en\/wp-json\/wp\/v2\/media?parent=830"}],"wp:term":[{"taxonomy":"product_brand","embeddable":true,"href":"https:\/\/hurleysurfclubtamraght.com\/en\/wp-json\/wp\/v2\/product_brand?post=830"},{"taxonomy":"product_cat","embeddable":true,"href":"https:\/\/hurleysurfclubtamraght.com\/en\/wp-json\/wp\/v2\/product_cat?post=830"},{"taxonomy":"product_tag","embeddable":true,"href":"https:\/\/hurleysurfclubtamraght.com\/en\/wp-json\/wp\/v2\/product_tag?post=830"},{"taxonomy":"mwb_booking_cost","embeddable":true,"href":"https:\/\/hurleysurfclubtamraght.com\/en\/wp-json\/wp\/v2\/mwb_booking_cost?post=830"},{"taxonomy":"mwb_booking_service","embeddable":true,"href":"https:\/\/hurleysurfclubtamraght.com\/en\/wp-json\/wp\/v2\/mwb_booking_service?post=830"}],"curies":[{"name":"wp","href":"https:\/\/api.w.org\/{rel}","templated":true}]}}