{"id":834,"date":"2026-01-16T16:30:36","date_gmt":"2026-01-16T16:30:36","guid":{"rendered":"https:\/\/hurleysurfclubtamraght.com\/?post_type=product&#038;p=834"},"modified":"2026-03-04T04:00:50","modified_gmt":"2026-03-04T04:00:50","slug":"kitesurf-wingfoil-groupe-1-session","status":"publish","type":"product","link":"https:\/\/hurleysurfclubtamraght.com\/en\/hurling\/kitesurf-wingfoil-groupe-1-session\/","title":{"rendered":"Kitesurfing \/ Wingfoiling (1 session)"},"content":{"rendered":"<div class=\"flex flex-col text-sm pb-25\">\n<article class=\"text-token-text-primary w-full focus:outline-none [--shadow-height:45px] has-data-writing-block:pointer-events-none has-data-writing-block:-mt-(--shadow-height) has-data-writing-block:pt-(--shadow-height) [&amp;:has([data-writing-block])&gt;*]:pointer-events-auto scroll-mt-[calc(var(--header-height)+min(200px,max(70px,20svh)))]\" dir=\"auto\" tabindex=\"-1\" data-turn-id=\"request-WEB:197cdd6d-6cf2-4b98-9e6c-7075289a5f4c-6\" data-testid=\"conversation-turn-14\" data-scroll-anchor=\"true\" data-turn=\"assistant\">\n<div class=\"text-base my-auto mx-auto pb-10 [--thread-content-margin:--spacing(4)] @w-sm\/main:[--thread-content-margin:--spacing(6)] @w-lg\/main:[--thread-content-margin:--spacing(16)] px-(--thread-content-margin)\">\n<div class=\"[--thread-content-max-width:40rem] @w-lg\/main:[--thread-content-max-width:48rem] mx-auto max-w-(--thread-content-max-width) flex-1 group\/turn-messages focus-visible:outline-hidden relative flex w-full min-w-0 flex-col agent-turn\" tabindex=\"-1\">\n<div class=\"flex max-w-full flex-col grow\">\n<div class=\"min-h-8 text-message relative flex w-full flex-col items-end gap-2 text-start break-words whitespace-normal [.text-message+&amp;]:mt-1\" dir=\"auto\" data-message-author-role=\"assistant\" data-message-id=\"48055739-4f6e-4390-937d-6dc67e496acd\" data-message-model-slug=\"gpt-5-2\">\n<div class=\"flex w-full flex-col gap-1 empty:hidden first:pt-[1px]\">\n<div class=\"markdown prose dark:prose-invert w-full wrap-break-word dark markdown-new-styling\">\n<p data-start=\"86\" data-end=\"361\">Partagez une exp\u00e9rience unique avec une <strong data-start=\"126\" data-end=\"170\">s\u00e9ance de Kitesurf ou Wingfoil en groupe<\/strong>, id\u00e9ale pour les amis, la famille ou les passionn\u00e9s souhaitant apprendre ensemble. Cette session de 2 heures, \u00e0 partir de 3 personnes, allie apprentissage, convivialit\u00e9 et sensations fortes.<\/p>\n<p data-start=\"363\" data-end=\"661\">Encadr\u00e9(e)s par un moniteur certifi\u00e9, vous d\u00e9couvrirez les bases essentielles : pr\u00e9paration du mat\u00e9riel, r\u00e8gles de s\u00e9curit\u00e9, contr\u00f4le de l\u2019aile ou de la wing, \u00e9quilibre sur la planche et premi\u00e8res sensations de glisse. Le format groupe permet de progresser dans une ambiance dynamique et motivante.<\/p>\n<p data-start=\"663\" data-end=\"754\">Une formule parfaite pour s\u2019initier tout en profitant d\u2019un moment fun et sportif sur l\u2019eau.<\/p>\n<p data-start=\"756\" data-end=\"865\"><strong data-start=\"756\" data-end=\"775\">Type de cours :<\/strong> Groupe (\u00e0 partir de 3 personnes)<br data-start=\"808\" data-end=\"811\" \/><strong data-start=\"811\" data-end=\"822\">Dur\u00e9e :<\/strong> 2 heures<br data-start=\"831\" data-end=\"834\" \/><strong data-start=\"834\" data-end=\"844\">Prix :<\/strong> 1100 DH \/ personne<\/p>\n<p data-start=\"867\" data-end=\"939\" data-is-last-node=\"\" data-is-only-node=\"\">R\u00e9servez votre s\u00e9ance et partagez l\u2019adr\u00e9naline du vent et de la glisse !<\/p>\n<\/div>\n<\/div>\n<\/div>\n<\/div>\n<\/div>\n<\/div>\n<\/article>\n<\/div>\n","protected":false},"excerpt":{"rendered":"<p class=\"translation-block\">Share a unique experience with a group kitesurfing or wingfoiling session, ideal for friends, family, or enthusiasts who want to learn together. <br>\n<span data-sheets-root=\"\u201c1\u201d\"><strong>Duration:<\/strong> 2 hours <\/span><br>\n<span data-sheets-root=\"\u201c1\u201d\"><strong>Price:<\/strong> 1100 MAD \/ Person<\/span><\/p>","protected":false},"featured_media":809,"comment_status":"open","ping_status":"closed","template":"","meta":[],"product_brand":[],"product_cat":[27,39],"product_tag":[],"mwb_booking_cost":[],"mwb_booking_service":[],"class_list":{"0":"post-834","1":"product","2":"type-product","3":"status-publish","4":"has-post-thumbnail","6":"product_cat-booking","7":"product_cat-kitesurf-groupe","9":"first","10":"instock","11":"virtual","12":"purchasable","13":"product-type-mwb_booking"},"_links":{"self":[{"href":"https:\/\/hurleysurfclubtamraght.com\/en\/wp-json\/wp\/v2\/product\/834","targetHints":{"allow":["GET"]}}],"collection":[{"href":"https:\/\/hurleysurfclubtamraght.com\/en\/wp-json\/wp\/v2\/product"}],"about":[{"href":"https:\/\/hurleysurfclubtamraght.com\/en\/wp-json\/wp\/v2\/types\/product"}],"replies":[{"embeddable":true,"href":"https:\/\/hurleysurfclubtamraght.com\/en\/wp-json\/wp\/v2\/comments?post=834"}],"wp:featuredmedia":[{"embeddable":true,"href":"https:\/\/hurleysurfclubtamraght.com\/en\/wp-json\/wp\/v2\/media\/809"}],"wp:attachment":[{"href":"https:\/\/hurleysurfclubtamraght.com\/en\/wp-json\/wp\/v2\/media?parent=834"}],"wp:term":[{"taxonomy":"product_brand","embeddable":true,"href":"https:\/\/hurleysurfclubtamraght.com\/en\/wp-json\/wp\/v2\/product_brand?post=834"},{"taxonomy":"product_cat","embeddable":true,"href":"https:\/\/hurleysurfclubtamraght.com\/en\/wp-json\/wp\/v2\/product_cat?post=834"},{"taxonomy":"product_tag","embeddable":true,"href":"https:\/\/hurleysurfclubtamraght.com\/en\/wp-json\/wp\/v2\/product_tag?post=834"},{"taxonomy":"mwb_booking_cost","embeddable":true,"href":"https:\/\/hurleysurfclubtamraght.com\/en\/wp-json\/wp\/v2\/mwb_booking_cost?post=834"},{"taxonomy":"mwb_booking_service","embeddable":true,"href":"https:\/\/hurleysurfclubtamraght.com\/en\/wp-json\/wp\/v2\/mwb_booking_service?post=834"}],"curies":[{"name":"wp","href":"https:\/\/api.w.org\/{rel}","templated":true}]}}