{"id":836,"date":"2026-01-16T16:34:22","date_gmt":"2026-01-16T16:34:22","guid":{"rendered":"https:\/\/hurleysurfclubtamraght.com\/?post_type=product&#038;p=836"},"modified":"2026-03-04T04:00:34","modified_gmt":"2026-03-04T04:00:34","slug":"kitesurf-wingfoil-groupe-3-session","status":"publish","type":"product","link":"https:\/\/hurleysurfclubtamraght.com\/en\/hurling\/kitesurf-wingfoil-groupe-3-session\/","title":{"rendered":"Kitesurfing \/ Wingfoiling (3 sessions)"},"content":{"rendered":"<div class=\"flex flex-col text-sm pb-25\">\n<article class=\"text-token-text-primary w-full focus:outline-none [--shadow-height:45px] has-data-writing-block:pointer-events-none has-data-writing-block:-mt-(--shadow-height) has-data-writing-block:pt-(--shadow-height) [&amp;:has([data-writing-block])&gt;*]:pointer-events-auto scroll-mt-[calc(var(--header-height)+min(200px,max(70px,20svh)))]\" dir=\"auto\" tabindex=\"-1\" data-turn-id=\"request-WEB:197cdd6d-6cf2-4b98-9e6c-7075289a5f4c-8\" data-testid=\"conversation-turn-18\" data-scroll-anchor=\"true\" data-turn=\"assistant\">\n<div class=\"text-base my-auto mx-auto pb-10 [--thread-content-margin:--spacing(4)] @w-sm\/main:[--thread-content-margin:--spacing(6)] @w-lg\/main:[--thread-content-margin:--spacing(16)] px-(--thread-content-margin)\">\n<div class=\"[--thread-content-max-width:40rem] @w-lg\/main:[--thread-content-max-width:48rem] mx-auto max-w-(--thread-content-max-width) flex-1 group\/turn-messages focus-visible:outline-hidden relative flex w-full min-w-0 flex-col agent-turn\" tabindex=\"-1\">\n<div class=\"flex max-w-full flex-col grow\">\n<div class=\"min-h-8 text-message relative flex w-full flex-col items-end gap-2 text-start break-words whitespace-normal [.text-message+&amp;]:mt-1\" dir=\"auto\" data-message-author-role=\"assistant\" data-message-id=\"20b9c70e-93b2-428a-a89e-ac9307a2ae61\" data-message-model-slug=\"gpt-5-2\">\n<div class=\"flex w-full flex-col gap-1 empty:hidden first:pt-[1px]\">\n<div class=\"markdown prose dark:prose-invert w-full wrap-break-word dark markdown-new-styling\">\n<p data-start=\"87\" data-end=\"410\">Optez pour une formule compl\u00e8te avec <strong data-start=\"124\" data-end=\"171\">3 s\u00e9ances de Kitesurf ou Wingfoil en groupe<\/strong>, id\u00e9ale pour progresser de mani\u00e8re structur\u00e9e tout en partageant l\u2019exp\u00e9rience avec d\u2019autres passionn\u00e9s. Avec un total de 6 heures de formation (3 x 2h), ce programme permet d\u2019acqu\u00e9rir une bonne ma\u00eetrise et davantage d\u2019autonomie sur l\u2019eau.<\/p>\n<p data-start=\"412\" data-end=\"749\">Encadr\u00e9(e)s par un moniteur certifi\u00e9, vous d\u00e9velopperez progressivement vos comp\u00e9tences : s\u00e9curit\u00e9, pr\u00e9paration du mat\u00e9riel, contr\u00f4le de l\u2019aile ou de la wing, gestion de la planche, d\u00e9parts ma\u00eetris\u00e9s, am\u00e9lioration de la glisse et premi\u00e8res man\u0153uvres. Le format groupe (\u00e0 partir de 3 personnes) cr\u00e9e une dynamique motivante et conviviale.<\/p>\n<p data-start=\"751\" data-end=\"844\">Une formule id\u00e9ale pour combiner progression technique, esprit d\u2019\u00e9quipe et sensations fortes.<\/p>\n<p data-start=\"846\" data-end=\"973\"><strong data-start=\"846\" data-end=\"865\">Type de cours :<\/strong> Groupe (\u00e0 partir de 3 personnes)<br data-start=\"898\" data-end=\"901\" \/><strong data-start=\"901\" data-end=\"912\">Dur\u00e9e :<\/strong> 6 heures (3 s\u00e9ances de 2h)<br data-start=\"939\" data-end=\"942\" \/><strong data-start=\"942\" data-end=\"952\">Prix :<\/strong> 3000 DH \/ personne<\/p>\n<p data-start=\"975\" data-end=\"1067\" data-is-last-node=\"\" data-is-only-node=\"\">R\u00e9servez d\u00e8s maintenant et vivez pleinement l\u2019exp\u00e9rience du vent et de la glisse en groupe !<\/p>\n<\/div>\n<\/div>\n<\/div>\n<\/div>\n<div class=\"z-0 flex min-h-[46px] justify-start\"><\/div>\n<div class=\"mt-3 w-full empty:hidden\">\n<div class=\"text-center\"><\/div>\n<\/div>\n<\/div>\n<\/div>\n<\/article>\n<\/div>\n<div class=\"pointer-events-none h-px w-px absolute bottom-0\" aria-hidden=\"true\" data-edge=\"true\"><\/div>\n","protected":false},"excerpt":{"rendered":"<p>Optez pour une formule compl\u00e8te avec 3 s\u00e9ances de Kitesurf ou Wingfoil en groupe, id\u00e9ale pour progresser de mani\u00e8re structur\u00e9e tout en partageant l\u2019exp\u00e9rience avec d\u2019autres passionn\u00e9s.<\/span><br \/>\n<span data-sheets-root=\"1\"><strong>Duration :<\/strong> 6h <\/span><br \/>\n<span data-sheets-root=\"1\"><strong>Price :<\/strong> 3000 DH \/ Personne<\/span><\/p>","protected":false},"featured_media":813,"comment_status":"open","ping_status":"closed","template":"","meta":[],"product_brand":[],"product_cat":[27,39],"product_tag":[],"mwb_booking_cost":[],"mwb_booking_service":[],"class_list":{"0":"post-836","1":"product","2":"type-product","3":"status-publish","4":"has-post-thumbnail","6":"product_cat-booking","7":"product_cat-kitesurf-groupe","9":"first","10":"instock","11":"virtual","12":"purchasable","13":"product-type-mwb_booking"},"_links":{"self":[{"href":"https:\/\/hurleysurfclubtamraght.com\/en\/wp-json\/wp\/v2\/product\/836","targetHints":{"allow":["GET"]}}],"collection":[{"href":"https:\/\/hurleysurfclubtamraght.com\/en\/wp-json\/wp\/v2\/product"}],"about":[{"href":"https:\/\/hurleysurfclubtamraght.com\/en\/wp-json\/wp\/v2\/types\/product"}],"replies":[{"embeddable":true,"href":"https:\/\/hurleysurfclubtamraght.com\/en\/wp-json\/wp\/v2\/comments?post=836"}],"wp:featuredmedia":[{"embeddable":true,"href":"https:\/\/hurleysurfclubtamraght.com\/en\/wp-json\/wp\/v2\/media\/813"}],"wp:attachment":[{"href":"https:\/\/hurleysurfclubtamraght.com\/en\/wp-json\/wp\/v2\/media?parent=836"}],"wp:term":[{"taxonomy":"product_brand","embeddable":true,"href":"https:\/\/hurleysurfclubtamraght.com\/en\/wp-json\/wp\/v2\/product_brand?post=836"},{"taxonomy":"product_cat","embeddable":true,"href":"https:\/\/hurleysurfclubtamraght.com\/en\/wp-json\/wp\/v2\/product_cat?post=836"},{"taxonomy":"product_tag","embeddable":true,"href":"https:\/\/hurleysurfclubtamraght.com\/en\/wp-json\/wp\/v2\/product_tag?post=836"},{"taxonomy":"mwb_booking_cost","embeddable":true,"href":"https:\/\/hurleysurfclubtamraght.com\/en\/wp-json\/wp\/v2\/mwb_booking_cost?post=836"},{"taxonomy":"mwb_booking_service","embeddable":true,"href":"https:\/\/hurleysurfclubtamraght.com\/en\/wp-json\/wp\/v2\/mwb_booking_service?post=836"}],"curies":[{"name":"wp","href":"https:\/\/api.w.org\/{rel}","templated":true}]}}