{"id":844,"date":"2026-01-16T16:45:01","date_gmt":"2026-01-16T16:45:01","guid":{"rendered":"https:\/\/hurleysurfclubtamraght.com\/?post_type=product&#038;p=844"},"modified":"2026-03-04T04:06:05","modified_gmt":"2026-03-04T04:06:05","slug":"kitesurf-wingfoil-group","status":"publish","type":"product","link":"https:\/\/hurleysurfclubtamraght.com\/en\/hurling\/kitesurf-wingfoil-group\/","title":{"rendered":"Kitesurfing \/ Wingfoiling \u2013 Group Session"},"content":{"rendered":"<div class=\"flex flex-col text-sm pb-25\">\n<article class=\"text-token-text-primary w-full focus:outline-none [--shadow-height:45px] has-data-writing-block:pointer-events-none has-data-writing-block:-mt-(--shadow-height) has-data-writing-block:pt-(--shadow-height) [&amp;:has([data-writing-block])&gt;*]:pointer-events-auto scroll-mt-[calc(var(--header-height)+min(200px,max(70px,20svh)))]\" dir=\"auto\" tabindex=\"-1\" data-turn-id=\"request-WEB:197cdd6d-6cf2-4b98-9e6c-7075289a5f4c-12\" data-testid=\"conversation-turn-26\" data-scroll-anchor=\"true\" data-turn=\"assistant\">\n<div class=\"text-base my-auto mx-auto pb-10 [--thread-content-margin:--spacing(4)] @w-sm\/main:[--thread-content-margin:--spacing(6)] @w-lg\/main:[--thread-content-margin:--spacing(16)] px-(--thread-content-margin)\">\n<div class=\"[--thread-content-max-width:40rem] @w-lg\/main:[--thread-content-max-width:48rem] mx-auto max-w-(--thread-content-max-width) flex-1 group\/turn-messages focus-visible:outline-hidden relative flex w-full min-w-0 flex-col agent-turn\" tabindex=\"-1\">\n<div class=\"flex max-w-full flex-col grow\">\n<div class=\"min-h-8 text-message relative flex w-full flex-col items-end gap-2 text-start break-words whitespace-normal [.text-message+&amp;]:mt-1\" dir=\"auto\" data-message-author-role=\"assistant\" data-message-id=\"465aba8e-92e1-4470-88fb-9a00c612ddef\" data-message-model-slug=\"gpt-5-mini\">\n<div class=\"flex w-full flex-col gap-1 empty:hidden first:pt-[1px]\">\n<div class=\"markdown prose dark:prose-invert w-full wrap-break-word dark markdown-new-styling\">\n<p data-start=\"107\" data-end=\"377\">Prolongez le plaisir et la progression avec une <strong data-start=\"155\" data-end=\"199\">heure suppl\u00e9mentaire en s\u00e9ance de groupe<\/strong> pour le Kitesurf ou le Wingfoil. Id\u00e9al pour les participants souhaitant continuer \u00e0 pratiquer tout en partageant l\u2019exp\u00e9rience avec d\u2019autres passionn\u00e9s (\u00e0 partir de 3 personnes).<\/p>\n<p data-start=\"379\" data-end=\"632\">Encadr\u00e9(e)s par un moniteur certifi\u00e9, vous pourrez travailler sur la ma\u00eetrise de l\u2019aile ou de la wing, l\u2019\u00e9quilibre sur la planche, les d\u00e9parts et l\u2019am\u00e9lioration de la glisse. Le format groupe permet d\u2019apprendre dans une ambiance conviviale et motivante.<\/p>\n<p data-start=\"634\" data-end=\"756\"><strong data-start=\"634\" data-end=\"653\">Type de cours :<\/strong> Groupe (\u00e0 partir de 3 personnes)<br data-start=\"686\" data-end=\"689\" \/><strong data-start=\"689\" data-end=\"700\">Dur\u00e9e :<\/strong> 1 heure suppl\u00e9mentaire<br data-start=\"723\" data-end=\"726\" \/><strong data-start=\"726\" data-end=\"736\">Prix :<\/strong> 400 DH \/ personne<\/p>\n<p data-start=\"758\" data-end=\"856\" data-is-last-node=\"\" data-is-only-node=\"\">Ajoutez cette heure \u00e0 votre session pour prolonger le fun et renforcer vos comp\u00e9tences sur l\u2019eau !<\/p>\n<\/div>\n<\/div>\n<\/div>\n<\/div>\n<\/div>\n<\/div>\n<\/article>\n<\/div>\n","protected":false},"excerpt":{"rendered":"<p class=\"translation-block\">Extend the fun and progress with an additional hour of group lessons for kitesurfing or wingfoiling.<br>\n<span data-sheets-root=\"\u201c1\u201d\"><strong>Duration:<\/strong> Additional hour\n<br><span data-sheets-root=\"\u201c1\u201d\"><strong>Price:<\/strong> 400 DH \/ Per person<\/p>","protected":false},"featured_media":815,"comment_status":"open","ping_status":"closed","template":"","meta":[],"product_brand":[],"product_cat":[40,27],"product_tag":[],"mwb_booking_cost":[],"mwb_booking_service":[],"class_list":{"0":"post-844","1":"product","2":"type-product","3":"status-publish","4":"has-post-thumbnail","6":"product_cat-additional-hour","7":"product_cat-booking","9":"first","10":"instock","11":"virtual","12":"purchasable","13":"product-type-mwb_booking"},"_links":{"self":[{"href":"https:\/\/hurleysurfclubtamraght.com\/en\/wp-json\/wp\/v2\/product\/844","targetHints":{"allow":["GET"]}}],"collection":[{"href":"https:\/\/hurleysurfclubtamraght.com\/en\/wp-json\/wp\/v2\/product"}],"about":[{"href":"https:\/\/hurleysurfclubtamraght.com\/en\/wp-json\/wp\/v2\/types\/product"}],"replies":[{"embeddable":true,"href":"https:\/\/hurleysurfclubtamraght.com\/en\/wp-json\/wp\/v2\/comments?post=844"}],"wp:featuredmedia":[{"embeddable":true,"href":"https:\/\/hurleysurfclubtamraght.com\/en\/wp-json\/wp\/v2\/media\/815"}],"wp:attachment":[{"href":"https:\/\/hurleysurfclubtamraght.com\/en\/wp-json\/wp\/v2\/media?parent=844"}],"wp:term":[{"taxonomy":"product_brand","embeddable":true,"href":"https:\/\/hurleysurfclubtamraght.com\/en\/wp-json\/wp\/v2\/product_brand?post=844"},{"taxonomy":"product_cat","embeddable":true,"href":"https:\/\/hurleysurfclubtamraght.com\/en\/wp-json\/wp\/v2\/product_cat?post=844"},{"taxonomy":"product_tag","embeddable":true,"href":"https:\/\/hurleysurfclubtamraght.com\/en\/wp-json\/wp\/v2\/product_tag?post=844"},{"taxonomy":"mwb_booking_cost","embeddable":true,"href":"https:\/\/hurleysurfclubtamraght.com\/en\/wp-json\/wp\/v2\/mwb_booking_cost?post=844"},{"taxonomy":"mwb_booking_service","embeddable":true,"href":"https:\/\/hurleysurfclubtamraght.com\/en\/wp-json\/wp\/v2\/mwb_booking_service?post=844"}],"curies":[{"name":"wp","href":"https:\/\/api.w.org\/{rel}","templated":true}]}}